{"id":236652,"date":"2022-07-06T10:35:03","date_gmt":"2022-07-06T08:35:03","guid":{"rendered":"https:\/\/megacase.com\/product\/case-2x-ld-systems-maui-44-g2\/"},"modified":"2026-03-26T13:16:06","modified_gmt":"2026-03-26T12:16:06","slug":"case-2x-ld-systems-maui-44-g2","status":"publish","type":"product","link":"https:\/\/megacase.com\/fr\/produit\/case-2x-ld-systems-maui-44-g2\/","title":{"rendered":"Case 2x  LD-Systems Maui 44  G2"},"content":{"rendered":"<p>Coque de transport correspondante pour 2 Syst\u00e8mes LD Syst\u00e8mes Maui 44 G2 Colonnes de colonnes<br \/>\n\u00e0 partir de 6,8 mm de r\u00e9sine ph\u00e9nolique multiplex<br \/>\n30 x 30mm Alukante<br \/>\n2 fermetures de papillons<br \/>\n5 poign\u00e9es pliantes moyennes<br \/>\n8 coins de la balle moyenne<br \/>\n3 charni\u00e8res de verrouillage<br \/>\nRembourrage en mousse<br \/>\n2 accessoires<br \/>\nFabriqu\u00e9 en Allemagne<br \/>\nDimensions ext\u00e9rieures LxPxH: env. 1415 x 520 x 230 mm<br \/>\nPoids: env. 22,6 kg<\/p>\n","protected":false},"excerpt":{"rendered":"<p>Coque de transport correspondante pour 2 Syst\u00e8mes LD Syst\u00e8mes Maui 44 G2 Colonnes de colonnes \u00e0 partir de 6,8 mm<\/p>\n","protected":false},"featured_media":236593,"template":"","meta":{"_acf_changed":false},"product_brand":[],"product_cat":[15152],"product_tag":[],"class_list":{"0":"post-236652","1":"product","2":"type-product","3":"status-publish","4":"has-post-thumbnail","6":"product_cat-audio-utilisation","8":"first","9":"instock","10":"taxable","11":"shipping-taxable","12":"purchasable","13":"product-type-simple"},"acf":[],"_links":{"self":[{"href":"https:\/\/megacase.com\/fr\/wp-json\/wp\/v2\/product\/236652","targetHints":{"allow":["GET"]}}],"collection":[{"href":"https:\/\/megacase.com\/fr\/wp-json\/wp\/v2\/product"}],"about":[{"href":"https:\/\/megacase.com\/fr\/wp-json\/wp\/v2\/types\/product"}],"wp:featuredmedia":[{"embeddable":true,"href":"https:\/\/megacase.com\/fr\/wp-json\/wp\/v2\/media\/236593"}],"wp:attachment":[{"href":"https:\/\/megacase.com\/fr\/wp-json\/wp\/v2\/media?parent=236652"}],"wp:term":[{"taxonomy":"product_brand","embeddable":true,"href":"https:\/\/megacase.com\/fr\/wp-json\/wp\/v2\/product_brand?post=236652"},{"taxonomy":"product_cat","embeddable":true,"href":"https:\/\/megacase.com\/fr\/wp-json\/wp\/v2\/product_cat?post=236652"},{"taxonomy":"product_tag","embeddable":true,"href":"https:\/\/megacase.com\/fr\/wp-json\/wp\/v2\/product_tag?post=236652"}],"curies":[{"name":"wp","href":"https:\/\/api.w.org\/{rel}","templated":true}]}}