{"id":236488,"date":"2022-07-06T09:48:50","date_gmt":"2022-07-06T07:48:50","guid":{"rendered":"https:\/\/megacase.com\/product\/l-rack-12u-midas-m32r\/"},"modified":"2026-03-26T13:16:07","modified_gmt":"2026-03-26T12:16:07","slug":"l-rack-12u-midas-m32r","status":"publish","type":"product","link":"https:\/\/megacase.com\/fr\/produit\/l-rack-12u-midas-m32r\/","title":{"rendered":"L-Rack 12U Midas M32R"},"content":{"rendered":"<p>Rack d&rsquo;angle adapt\u00e9 pour un Midas M32R Live<br \/>\nHauteur d&rsquo;installation : 12U<br \/>\n\u00e9tag\u00e8re sup\u00e9rieure rembourr\u00e9e pour un Midas M32R Live<br \/>\nEnduit de r\u00e9sine ph\u00e9nolique multiplex de 9 mm<br \/>\nCouleur marron<br \/>\nBord en aluminium 30 x 30 mm<br \/>\n8 cadenas papillon, moyen<br \/>\n8 poign\u00e9es rabattables, moyennes<br \/>\n8 coins sph\u00e9riques larges<br \/>\nun rabat de service \u00e0 l&rsquo;arri\u00e8re<br \/>\n4 roulettes pivotantes dont 2 frein\u00e9es<br \/>\nRembourrage en mousse dans le haut du couvercle<br \/>\nRails de rack \u00e0 l&rsquo;avant<br \/>\nRail de rack d\u00e9cal\u00e9 de 15 cm vers l&rsquo;int\u00e9rieur \u00e0 l&rsquo;arri\u00e8re<br \/>\nFabriqu\u00e9 en Allemagne<br \/>\nDimensions ext\u00e9rieures LxPxH : environ 550 x 850 x 1010 mm<br \/>\nPoids : environ 42,7 kg<\/p>\n","protected":false},"excerpt":{"rendered":"<p>Rack d&rsquo;angle adapt\u00e9 pour un Midas M32R Live Hauteur d&rsquo;installation : 12U \u00e9tag\u00e8re sup\u00e9rieure rembourr\u00e9e pour un Midas M32R Live<\/p>\n","protected":false},"featured_media":236465,"template":"","meta":{"_acf_changed":false},"product_brand":[],"product_cat":[13593],"product_tag":[],"class_list":{"0":"post-236488","1":"product","2":"type-product","3":"status-publish","4":"has-post-thumbnail","6":"product_cat-racks-fr","8":"first","9":"instock","10":"taxable","11":"shipping-taxable","12":"purchasable","13":"product-type-simple"},"acf":[],"_links":{"self":[{"href":"https:\/\/megacase.com\/fr\/wp-json\/wp\/v2\/product\/236488","targetHints":{"allow":["GET"]}}],"collection":[{"href":"https:\/\/megacase.com\/fr\/wp-json\/wp\/v2\/product"}],"about":[{"href":"https:\/\/megacase.com\/fr\/wp-json\/wp\/v2\/types\/product"}],"wp:featuredmedia":[{"embeddable":true,"href":"https:\/\/megacase.com\/fr\/wp-json\/wp\/v2\/media\/236465"}],"wp:attachment":[{"href":"https:\/\/megacase.com\/fr\/wp-json\/wp\/v2\/media?parent=236488"}],"wp:term":[{"taxonomy":"product_brand","embeddable":true,"href":"https:\/\/megacase.com\/fr\/wp-json\/wp\/v2\/product_brand?post=236488"},{"taxonomy":"product_cat","embeddable":true,"href":"https:\/\/megacase.com\/fr\/wp-json\/wp\/v2\/product_cat?post=236488"},{"taxonomy":"product_tag","embeddable":true,"href":"https:\/\/megacase.com\/fr\/wp-json\/wp\/v2\/product_tag?post=236488"}],"curies":[{"name":"wp","href":"https:\/\/api.w.org\/{rel}","templated":true}]}}