{"id":236352,"date":"2022-07-06T09:17:30","date_gmt":"2022-07-06T07:17:30","guid":{"rendered":"https:\/\/megacase.com\/product\/flightcase-ld-systems-maui-44-g2\/"},"modified":"2026-03-26T13:16:08","modified_gmt":"2026-03-26T12:16:08","slug":"flightcase-ld-systems-maui-44-g2","status":"publish","type":"product","link":"https:\/\/megacase.com\/fr\/produit\/flightcase-ld-systems-maui-44-g2\/","title":{"rendered":"Flightcase LD-Systems Maui 44 G2"},"content":{"rendered":"<p>Cas de bagages assorti pour 1 colonne Set LD-Systems Maui 44 G2<br \/>\n\u00e0 partir de 6,8 mm de r\u00e9sine ph\u00e9nolique multiplex enrocie<br \/>\n30 x 30 mm d&rsquo;aluminium<br \/>\n2 fermetures de papillons<br \/>\n1 poign\u00e9e en cuir<br \/>\n2 charni\u00e8res de verrouillage<br \/>\n8 coins de la balle moyenne<br \/>\n2 bo\u00eetes<br \/>\nRembourrage en mousse<br \/>\nFabriqu\u00e9 en Allemagne<br \/>\nDimensions ext\u00e9rieures LxPxH: env. 940 x 365 x 225 mm<br \/>\nPoids: env. 9,9 kg<\/p>\n","protected":false},"excerpt":{"rendered":"<p>Cas de bagages assorti pour 1 colonne Set LD-Systems Maui 44 G2 \u00e0 partir de 6,8 mm de r\u00e9sine ph\u00e9nolique<\/p>\n","protected":false},"featured_media":236349,"template":"","meta":{"_acf_changed":false},"product_brand":[],"product_cat":[15152],"product_tag":[],"class_list":{"0":"post-236352","1":"product","2":"type-product","3":"status-publish","4":"has-post-thumbnail","6":"product_cat-audio-utilisation","8":"first","9":"instock","10":"taxable","11":"shipping-taxable","12":"purchasable","13":"product-type-simple"},"acf":[],"_links":{"self":[{"href":"https:\/\/megacase.com\/fr\/wp-json\/wp\/v2\/product\/236352","targetHints":{"allow":["GET"]}}],"collection":[{"href":"https:\/\/megacase.com\/fr\/wp-json\/wp\/v2\/product"}],"about":[{"href":"https:\/\/megacase.com\/fr\/wp-json\/wp\/v2\/types\/product"}],"wp:featuredmedia":[{"embeddable":true,"href":"https:\/\/megacase.com\/fr\/wp-json\/wp\/v2\/media\/236349"}],"wp:attachment":[{"href":"https:\/\/megacase.com\/fr\/wp-json\/wp\/v2\/media?parent=236352"}],"wp:term":[{"taxonomy":"product_brand","embeddable":true,"href":"https:\/\/megacase.com\/fr\/wp-json\/wp\/v2\/product_brand?post=236352"},{"taxonomy":"product_cat","embeddable":true,"href":"https:\/\/megacase.com\/fr\/wp-json\/wp\/v2\/product_cat?post=236352"},{"taxonomy":"product_tag","embeddable":true,"href":"https:\/\/megacase.com\/fr\/wp-json\/wp\/v2\/product_tag?post=236352"}],"curies":[{"name":"wp","href":"https:\/\/api.w.org\/{rel}","templated":true}]}}