{"id":236290,"date":"2022-07-06T08:56:18","date_gmt":"2022-07-06T06:56:18","guid":{"rendered":"https:\/\/megacase.com\/product\/guitarcase-music-man-bongo-5\/"},"modified":"2026-03-26T13:16:08","modified_gmt":"2026-03-26T12:16:08","slug":"guitarcase-music-man-bongo-5","status":"publish","type":"product","link":"https:\/\/megacase.com\/fr\/produit\/guitarcase-music-man-bongo-5\/","title":{"rendered":"Guitarcase Music Man Bongo 5"},"content":{"rendered":"<p>Valise assortie pour un homme de musique Bongo 5 basse<br \/>\n\u00c0 partir de 6,8 mm Multiplex PVC enduit<br \/>\nCouleur: <a href=\"https:\/\/megacase.com\/fr\/farben-beschichtungen\/\">librement s\u00e9lectionnable<\/a><br \/>\n22 x 22 mm Alukante<br \/>\n2 verrouillons papillon petit<br \/>\n1 valise verrouillable verrouillable<br \/>\n1 poign\u00e9e en cuir<br \/>\n3 charni\u00e8res de verrouillage<br \/>\nIncrustation de mousse correspondante<br \/>\nincl. accessoires<br \/>\nFabriqu\u00e9 en Allemagne<br \/>\nDimensions externes LxPxH: env. 1300 x 480 x 150 mm<br \/>\nPoids: env.<\/p>\n<h3>\nSi vous commandez, veuillez sp\u00e9cifier la couleur d\u00e9sir\u00e9e dans le champ de commentaire<\/h3>\n","protected":false},"excerpt":{"rendered":"<p>Valise assortie pour un homme de musique Bongo 5 basse \u00c0 partir de 6,8 mm Multiplex PVC enduit Couleur: librement<\/p>\n","protected":false},"featured_media":236287,"template":"","meta":{"_acf_changed":false},"product_brand":[],"product_cat":[15301],"product_tag":[],"class_list":{"0":"post-236290","1":"product","2":"type-product","3":"status-publish","4":"has-post-thumbnail","6":"product_cat-guitar-bass-cases-utilisation","8":"first","9":"instock","10":"taxable","11":"shipping-taxable","12":"purchasable","13":"product-type-simple"},"acf":[],"_links":{"self":[{"href":"https:\/\/megacase.com\/fr\/wp-json\/wp\/v2\/product\/236290","targetHints":{"allow":["GET"]}}],"collection":[{"href":"https:\/\/megacase.com\/fr\/wp-json\/wp\/v2\/product"}],"about":[{"href":"https:\/\/megacase.com\/fr\/wp-json\/wp\/v2\/types\/product"}],"wp:featuredmedia":[{"embeddable":true,"href":"https:\/\/megacase.com\/fr\/wp-json\/wp\/v2\/media\/236287"}],"wp:attachment":[{"href":"https:\/\/megacase.com\/fr\/wp-json\/wp\/v2\/media?parent=236290"}],"wp:term":[{"taxonomy":"product_brand","embeddable":true,"href":"https:\/\/megacase.com\/fr\/wp-json\/wp\/v2\/product_brand?post=236290"},{"taxonomy":"product_cat","embeddable":true,"href":"https:\/\/megacase.com\/fr\/wp-json\/wp\/v2\/product_cat?post=236290"},{"taxonomy":"product_tag","embeddable":true,"href":"https:\/\/megacase.com\/fr\/wp-json\/wp\/v2\/product_tag?post=236290"}],"curies":[{"name":"wp","href":"https:\/\/api.w.org\/{rel}","templated":true}]}}