{"id":236225,"date":"2022-07-06T08:48:08","date_gmt":"2022-07-06T06:48:08","guid":{"rendered":"https:\/\/megacase.com\/product\/hoodcase-ld-systems-stinger-sub-18-g3\/"},"modified":"2026-03-26T13:16:09","modified_gmt":"2026-03-26T12:16:09","slug":"hoodcase-ld-systems-stinger-sub-18-g3","status":"publish","type":"product","link":"https:\/\/megacase.com\/fr\/produit\/hoodcase-ld-systems-stinger-sub-18-g3\/","title":{"rendered":"Hoodcase LD Systems Stinger sub 18 G3"},"content":{"rendered":"<p>Bullet assortie pour un syst\u00e8me Stinger Stinger StinG 18 g Stinger Stinger Stinger<br \/>\n\u00e0 partir de 6,8 mm de r\u00e9sine ph\u00e9nolique multiplex enrocie<br \/>\nCouleur marron<br \/>\n30 x 30 mm d&rsquo;aluminium<br \/>\n4 taches plates moyennes<br \/>\n4 l coins<br \/>\n2 diapositive<br \/>\nRembourrage en mousse<br \/>\nFabriqu\u00e9 en Allemagne<br \/>\nDimensions ext\u00e9rieures LxPxH: env. 725 x 803 x 583 mm<br \/>\nPoids: env. 13,8 kg<\/p>\n","protected":false},"excerpt":{"rendered":"<p>Bullet assortie pour un syst\u00e8me Stinger Stinger StinG 18 g Stinger Stinger Stinger \u00e0 partir de 6,8 mm de r\u00e9sine<\/p>\n","protected":false},"featured_media":236210,"template":"","meta":{"_acf_changed":false},"product_brand":[],"product_cat":[15152],"product_tag":[],"class_list":{"0":"post-236225","1":"product","2":"type-product","3":"status-publish","4":"has-post-thumbnail","6":"product_cat-audio-utilisation","8":"first","9":"instock","10":"taxable","11":"shipping-taxable","12":"purchasable","13":"product-type-simple"},"acf":[],"_links":{"self":[{"href":"https:\/\/megacase.com\/fr\/wp-json\/wp\/v2\/product\/236225","targetHints":{"allow":["GET"]}}],"collection":[{"href":"https:\/\/megacase.com\/fr\/wp-json\/wp\/v2\/product"}],"about":[{"href":"https:\/\/megacase.com\/fr\/wp-json\/wp\/v2\/types\/product"}],"wp:featuredmedia":[{"embeddable":true,"href":"https:\/\/megacase.com\/fr\/wp-json\/wp\/v2\/media\/236210"}],"wp:attachment":[{"href":"https:\/\/megacase.com\/fr\/wp-json\/wp\/v2\/media?parent=236225"}],"wp:term":[{"taxonomy":"product_brand","embeddable":true,"href":"https:\/\/megacase.com\/fr\/wp-json\/wp\/v2\/product_brand?post=236225"},{"taxonomy":"product_cat","embeddable":true,"href":"https:\/\/megacase.com\/fr\/wp-json\/wp\/v2\/product_cat?post=236225"},{"taxonomy":"product_tag","embeddable":true,"href":"https:\/\/megacase.com\/fr\/wp-json\/wp\/v2\/product_tag?post=236225"}],"curies":[{"name":"wp","href":"https:\/\/api.w.org\/{rel}","templated":true}]}}