{"id":236185,"date":"2022-07-06T08:36:15","date_gmt":"2022-07-06T06:36:15","guid":{"rendered":"https:\/\/megacase.com\/product\/flightcase-roland-ac-30\/"},"modified":"2026-03-26T13:16:09","modified_gmt":"2026-03-26T12:16:09","slug":"flightcase-roland-ac-30","status":"publish","type":"product","link":"https:\/\/megacase.com\/fr\/produit\/flightcase-roland-ac-30\/","title":{"rendered":"Flightcase Roland AC-30"},"content":{"rendered":"<p>\u00c9tui de capot assorti pour un ampli acoustique st\u00e9r\u00e9o Roland AC-60<br \/>\n\u00e0 partir de 6,8 mm de r\u00e9sine ph\u00e9nolique multiplex enrocie<br \/>\nCouleur marron<br \/>\n25 x 25 mm d&rsquo;aluminium<br \/>\n2 fermetures de papillons<br \/>\n1 poign\u00e9e de bracelet<br \/>\n8 coins de la balle moyenne<br \/>\nRembourrage en mousse<br \/>\n4 pieds en caoutchouc 25 x 15 mm<br \/>\nFabriqu\u00e9 en Allemagne<br \/>\nDimensions ext\u00e9rieures LxPxH: env. 436 x 378 x 362 mm<br \/>\nPoids: env. 6,9 kg<\/p>\n","protected":false},"excerpt":{"rendered":"<p>\u00c9tui de capot assorti pour un ampli acoustique st\u00e9r\u00e9o Roland AC-60 \u00e0 partir de 6,8 mm de r\u00e9sine ph\u00e9nolique multiplex<\/p>\n","protected":false},"featured_media":236182,"template":"","meta":{"_acf_changed":false},"product_brand":[],"product_cat":[13589,15959],"product_tag":[],"class_list":{"0":"post-236185","1":"product","2":"type-product","3":"status-publish","4":"has-post-thumbnail","6":"product_cat-amp-cases-fr","7":"product_cat-combo-utilisation","9":"first","10":"instock","11":"taxable","12":"shipping-taxable","13":"purchasable","14":"product-type-simple"},"acf":[],"_links":{"self":[{"href":"https:\/\/megacase.com\/fr\/wp-json\/wp\/v2\/product\/236185","targetHints":{"allow":["GET"]}}],"collection":[{"href":"https:\/\/megacase.com\/fr\/wp-json\/wp\/v2\/product"}],"about":[{"href":"https:\/\/megacase.com\/fr\/wp-json\/wp\/v2\/types\/product"}],"wp:featuredmedia":[{"embeddable":true,"href":"https:\/\/megacase.com\/fr\/wp-json\/wp\/v2\/media\/236182"}],"wp:attachment":[{"href":"https:\/\/megacase.com\/fr\/wp-json\/wp\/v2\/media?parent=236185"}],"wp:term":[{"taxonomy":"product_brand","embeddable":true,"href":"https:\/\/megacase.com\/fr\/wp-json\/wp\/v2\/product_brand?post=236185"},{"taxonomy":"product_cat","embeddable":true,"href":"https:\/\/megacase.com\/fr\/wp-json\/wp\/v2\/product_cat?post=236185"},{"taxonomy":"product_tag","embeddable":true,"href":"https:\/\/megacase.com\/fr\/wp-json\/wp\/v2\/product_tag?post=236185"}],"curies":[{"name":"wp","href":"https:\/\/api.w.org\/{rel}","templated":true}]}}