{"id":236044,"date":"2022-07-06T08:09:50","date_gmt":"2022-07-06T06:09:50","guid":{"rendered":"https:\/\/megacase.com\/product\/flightcase-2x-cameo-ts-200\/"},"modified":"2026-03-26T13:16:10","modified_gmt":"2026-03-26T12:16:10","slug":"flightcase-2x-cameo-ts-200","status":"publish","type":"product","link":"https:\/\/megacase.com\/fr\/produit\/flightcase-2x-cameo-ts-200\/","title":{"rendered":"Flightcase 2x Cameo TS 200"},"content":{"rendered":"<p>Coffre assorti pour deux spots de th\u00e9\u00e2tre Cameo TS 200<br \/>\nEnduit de r\u00e9sine ph\u00e9nolique multiplex de 6,8 mm<br \/>\nCouleur marron<br \/>\nBord en aluminium 30 x 30 mm<br \/>\n2 serrures papillon, moyennes<br \/>\n2 poign\u00e9es rabattables m\u00e9dium<br \/>\n2 charni\u00e8res verrouillables<br \/>\n8 coins sph\u00e9riques moyens<br \/>\n4 roulettes pivotantes dont 2 frein\u00e9es<br \/>\nCompartiment pour accessoires au milieu<br \/>\nRembourrage en mousse<br \/>\nFabriqu\u00e9 en Allemagne<br \/>\nDimensions ext\u00e9rieures LxPxH : environ 910 x 375 x 590 mm<br \/>\nPoids : env.<\/p>\n","protected":false},"excerpt":{"rendered":"<p>Coffre assorti pour deux spots de th\u00e9\u00e2tre Cameo TS 200 Enduit de r\u00e9sine ph\u00e9nolique multiplex de 6,8 mm Couleur marron<\/p>\n","protected":false},"featured_media":236024,"template":"","meta":{"_acf_changed":false},"product_brand":[],"product_cat":[15423],"product_tag":[],"class_list":{"0":"post-236044","1":"product","2":"type-product","3":"status-publish","4":"has-post-thumbnail","6":"product_cat-light-equipment-case-utilisation","8":"first","9":"instock","10":"taxable","11":"shipping-taxable","12":"purchasable","13":"product-type-simple"},"acf":[],"_links":{"self":[{"href":"https:\/\/megacase.com\/fr\/wp-json\/wp\/v2\/product\/236044","targetHints":{"allow":["GET"]}}],"collection":[{"href":"https:\/\/megacase.com\/fr\/wp-json\/wp\/v2\/product"}],"about":[{"href":"https:\/\/megacase.com\/fr\/wp-json\/wp\/v2\/types\/product"}],"wp:featuredmedia":[{"embeddable":true,"href":"https:\/\/megacase.com\/fr\/wp-json\/wp\/v2\/media\/236024"}],"wp:attachment":[{"href":"https:\/\/megacase.com\/fr\/wp-json\/wp\/v2\/media?parent=236044"}],"wp:term":[{"taxonomy":"product_brand","embeddable":true,"href":"https:\/\/megacase.com\/fr\/wp-json\/wp\/v2\/product_brand?post=236044"},{"taxonomy":"product_cat","embeddable":true,"href":"https:\/\/megacase.com\/fr\/wp-json\/wp\/v2\/product_cat?post=236044"},{"taxonomy":"product_tag","embeddable":true,"href":"https:\/\/megacase.com\/fr\/wp-json\/wp\/v2\/product_tag?post=236044"}],"curies":[{"name":"wp","href":"https:\/\/api.w.org\/{rel}","templated":true}]}}