{"id":236011,"date":"2022-07-06T07:51:51","date_gmt":"2022-07-06T05:51:51","guid":{"rendered":"https:\/\/megacase.com\/product\/flightcase-2x-cameo-f2-fc-flat-wheel\/"},"modified":"2026-03-26T13:16:10","modified_gmt":"2026-03-26T12:16:10","slug":"flightcase-2x-cameo-f2-fc-flat-wheel","status":"publish","type":"product","link":"https:\/\/megacase.com\/fr\/produit\/flightcase-2x-cameo-f2-fc-flat-wheel\/","title":{"rendered":"Flightcase 2x Cameo F2 FC Flat + wheel"},"content":{"rendered":"<p>Coffre assorti pour 2 projecteurs de th\u00e9\u00e2tre Cameo F2 FC Flat<br \/>\nen bouleau multiplex de 6,8 mm rev\u00eatu de PVC<br \/>\nCouleur : <a href=\"https:\/\/megacase.com\/fr\/farben-beschichtungen\/\">librement s\u00e9lectionnable<\/a><br \/>\nBord en aluminium 30 x 30 mm<br \/>\n2 serrures papillon, moyennes<br \/>\n8 coins sph\u00e9riques moyens<br \/>\n2 charni\u00e8res verrouillables<br \/>\n8 coins sph\u00e9riques moyens<br \/>\n4 roulettes pivotantes dont 2 frein\u00e9es<br \/>\nRembourrage en mousse<br \/>\nFabriqu\u00e9 en Allemagne<br \/>\nDimensions ext\u00e9rieures LxPxH : environ 835 x 595 x 595 mm<br \/>\nPoids : environ 26,1 kg<\/p>\n","protected":false},"excerpt":{"rendered":"<p>Coffre assorti pour 2 projecteurs de th\u00e9\u00e2tre Cameo F2 FC Flat en bouleau multiplex de 6,8 mm rev\u00eatu de PVC<\/p>\n","protected":false},"featured_media":235980,"template":"","meta":{"_acf_changed":false},"product_brand":[],"product_cat":[15423],"product_tag":[],"class_list":{"0":"post-236011","1":"product","2":"type-product","3":"status-publish","4":"has-post-thumbnail","6":"product_cat-light-equipment-case-utilisation","8":"first","9":"instock","10":"taxable","11":"shipping-taxable","12":"purchasable","13":"product-type-simple"},"acf":[],"_links":{"self":[{"href":"https:\/\/megacase.com\/fr\/wp-json\/wp\/v2\/product\/236011","targetHints":{"allow":["GET"]}}],"collection":[{"href":"https:\/\/megacase.com\/fr\/wp-json\/wp\/v2\/product"}],"about":[{"href":"https:\/\/megacase.com\/fr\/wp-json\/wp\/v2\/types\/product"}],"wp:featuredmedia":[{"embeddable":true,"href":"https:\/\/megacase.com\/fr\/wp-json\/wp\/v2\/media\/235980"}],"wp:attachment":[{"href":"https:\/\/megacase.com\/fr\/wp-json\/wp\/v2\/media?parent=236011"}],"wp:term":[{"taxonomy":"product_brand","embeddable":true,"href":"https:\/\/megacase.com\/fr\/wp-json\/wp\/v2\/product_brand?post=236011"},{"taxonomy":"product_cat","embeddable":true,"href":"https:\/\/megacase.com\/fr\/wp-json\/wp\/v2\/product_cat?post=236011"},{"taxonomy":"product_tag","embeddable":true,"href":"https:\/\/megacase.com\/fr\/wp-json\/wp\/v2\/product_tag?post=236011"}],"curies":[{"name":"wp","href":"https:\/\/api.w.org\/{rel}","templated":true}]}}