{"id":235970,"date":"2022-07-06T07:26:39","date_gmt":"2022-07-06T05:26:39","guid":{"rendered":"https:\/\/megacase.com\/product\/flightcase-2x-db-technologies-k70\/"},"modified":"2026-03-26T13:16:10","modified_gmt":"2026-03-26T12:16:10","slug":"flightcase-2x-db-technologies-k70","status":"publish","type":"product","link":"https:\/\/megacase.com\/fr\/produit\/flightcase-2x-db-technologies-k70\/","title":{"rendered":"Flightcase 2x db technologies K70"},"content":{"rendered":"<p>Valise de transport adapt\u00e9e pour deux enceintes dB Technologies K 70<br \/>\nEnduit de r\u00e9sine ph\u00e9nolique multiplex de bouleau de 6,8 mm<br \/>\nCouleur marron<br \/>\nBord en aluminium 30 x 30 mm<br \/>\n1 serrure papillon moyenne<br \/>\n2 poign\u00e9es rabattables m\u00e9dium<br \/>\n2 charni\u00e8res verrouillables<br \/>\n2 compartiments rembourr\u00e9s<br \/>\nCompartiment arri\u00e8re pour accessoires<br \/>\n8 coins sph\u00e9riques moyens<br \/>\nFabriqu\u00e9 en Allemagne<br \/>\nDimensions ext\u00e9rieures LxPxH : environ 602 x 360 x 350 mm<br \/>\nPoids : environ 10,2 kg<\/p>\n","protected":false},"excerpt":{"rendered":"<p>Valise de transport adapt\u00e9e pour deux enceintes dB Technologies K 70 Enduit de r\u00e9sine ph\u00e9nolique multiplex de bouleau de 6,8<\/p>\n","protected":false},"featured_media":235947,"template":"","meta":{"_acf_changed":false},"product_brand":[],"product_cat":[15152],"product_tag":[],"class_list":{"0":"post-235970","1":"product","2":"type-product","3":"status-publish","4":"has-post-thumbnail","6":"product_cat-audio-utilisation","8":"first","9":"instock","10":"taxable","11":"shipping-taxable","12":"purchasable","13":"product-type-simple"},"acf":[],"_links":{"self":[{"href":"https:\/\/megacase.com\/fr\/wp-json\/wp\/v2\/product\/235970","targetHints":{"allow":["GET"]}}],"collection":[{"href":"https:\/\/megacase.com\/fr\/wp-json\/wp\/v2\/product"}],"about":[{"href":"https:\/\/megacase.com\/fr\/wp-json\/wp\/v2\/types\/product"}],"wp:featuredmedia":[{"embeddable":true,"href":"https:\/\/megacase.com\/fr\/wp-json\/wp\/v2\/media\/235947"}],"wp:attachment":[{"href":"https:\/\/megacase.com\/fr\/wp-json\/wp\/v2\/media?parent=235970"}],"wp:term":[{"taxonomy":"product_brand","embeddable":true,"href":"https:\/\/megacase.com\/fr\/wp-json\/wp\/v2\/product_brand?post=235970"},{"taxonomy":"product_cat","embeddable":true,"href":"https:\/\/megacase.com\/fr\/wp-json\/wp\/v2\/product_cat?post=235970"},{"taxonomy":"product_tag","embeddable":true,"href":"https:\/\/megacase.com\/fr\/wp-json\/wp\/v2\/product_tag?post=235970"}],"curies":[{"name":"wp","href":"https:\/\/api.w.org\/{rel}","templated":true}]}}