{"id":235897,"date":"2022-07-06T07:17:12","date_gmt":"2022-07-06T05:17:12","guid":{"rendered":"https:\/\/megacase.com\/product\/case-fender-passport-event-venue-series-2\/"},"modified":"2026-03-26T13:16:11","modified_gmt":"2026-03-26T12:16:11","slug":"case-fender-passport-event-venue-series-2","status":"publish","type":"product","link":"https:\/\/megacase.com\/fr\/produit\/case-fender-passport-event-venue-series-2\/","title":{"rendered":"Case Fender Passport Event\/Venue Series 2"},"content":{"rendered":"<p>Coque de transport correspondante pour \u00e9v\u00e9nement de passeport Fender ou S\u00e9rie 2 Syst\u00e8me audio<br \/>\n\u00e0 partir de 6,8 mm de r\u00e9sine ph\u00e9nolique multiplex de bouleau enrocie<br \/>\n30 x 30 mm d&rsquo;aluminium<br \/>\n4 fermetures de billfls<br \/>\n4 poign\u00e9es pliantes moyennes<br \/>\n8 coins de la balle moyenne<br \/>\n4 roulettes d&rsquo;entre eux ont frein\u00e9 2<br \/>\nRembourrage en mousse<br \/>\nFabriqu\u00e9 en Allemagne<br \/>\nDimensions ext\u00e9rieures BXTXH: env. 800 x 375 x 785 mm<br \/>\nPoids: env. 22,5 kg<\/p>\n","protected":false},"excerpt":{"rendered":"<p>Coque de transport correspondante pour \u00e9v\u00e9nement de passeport Fender ou S\u00e9rie 2 Syst\u00e8me audio \u00e0 partir de 6,8 mm de<\/p>\n","protected":false},"featured_media":235890,"template":"","meta":{"_acf_changed":false},"product_brand":[],"product_cat":[15152],"product_tag":[],"class_list":{"0":"post-235897","1":"product","2":"type-product","3":"status-publish","4":"has-post-thumbnail","6":"product_cat-audio-utilisation","8":"first","9":"instock","10":"taxable","11":"shipping-taxable","12":"purchasable","13":"product-type-simple"},"acf":[],"_links":{"self":[{"href":"https:\/\/megacase.com\/fr\/wp-json\/wp\/v2\/product\/235897","targetHints":{"allow":["GET"]}}],"collection":[{"href":"https:\/\/megacase.com\/fr\/wp-json\/wp\/v2\/product"}],"about":[{"href":"https:\/\/megacase.com\/fr\/wp-json\/wp\/v2\/types\/product"}],"wp:featuredmedia":[{"embeddable":true,"href":"https:\/\/megacase.com\/fr\/wp-json\/wp\/v2\/media\/235890"}],"wp:attachment":[{"href":"https:\/\/megacase.com\/fr\/wp-json\/wp\/v2\/media?parent=235897"}],"wp:term":[{"taxonomy":"product_brand","embeddable":true,"href":"https:\/\/megacase.com\/fr\/wp-json\/wp\/v2\/product_brand?post=235897"},{"taxonomy":"product_cat","embeddable":true,"href":"https:\/\/megacase.com\/fr\/wp-json\/wp\/v2\/product_cat?post=235897"},{"taxonomy":"product_tag","embeddable":true,"href":"https:\/\/megacase.com\/fr\/wp-json\/wp\/v2\/product_tag?post=235897"}],"curies":[{"name":"wp","href":"https:\/\/api.w.org\/{rel}","templated":true}]}}