{"id":235643,"date":"2022-07-05T12:50:56","date_gmt":"2022-07-05T10:50:56","guid":{"rendered":"https:\/\/megacase.com\/product\/flightcase-2x-db-t-10-wheel\/"},"modified":"2026-03-26T13:16:12","modified_gmt":"2026-03-26T12:16:12","slug":"flightcase-2x-db-t-10-wheel","status":"publish","type":"product","link":"https:\/\/megacase.com\/fr\/produit\/flightcase-2x-db-t-10-wheel\/","title":{"rendered":"Flightcase 2x d&#038;b T-10 + wheel"},"content":{"rendered":"<p>Coffre assorti pour 2 enceintes D&amp;B T-10 avec support pivotant Z5371<br \/>\navec adaptateur pour tr\u00e9pied Z5024<br \/>\nmultiplex de 6,8 mm rev\u00eatu de PVC<br \/>\ncouleur: <a href=\"https:\/\/megacase.com\/fr\/farben-beschichtungen\/\">librement s\u00e9lectionnable<\/a><br \/>\nBord en aluminium 30 x 30 mm<br \/>\n2 serrures papillon, moyennes<br \/>\n6 poign\u00e9es rabattables, moyennes<br \/>\n2 charni\u00e8res verrouillables<br \/>\n8 coins sph\u00e9riques moyens<br \/>\n4 roulettes pivotantes dont 2 frein\u00e9es<br \/>\nCompartiment pour accessoires de 15 cm de large au milieu<br \/>\nRembourrage en mousse<br \/>\nFabriqu\u00e9 en Allemagne<br \/>\nDimensions ext\u00e9rieures LxPxH environ : 785 x 370 x 912 mm<br \/>\nPoids environ : 26,4 kg<\/p>\n<p>Si vous commandez, veuillez sp\u00e9cifier la couleur d\u00e9sir\u00e9e dans le champ de commentaire<\/p>\n","protected":false},"excerpt":{"rendered":"<p>Coffre assorti pour 2 enceintes D&amp;B T-10 avec support pivotant Z5371 avec adaptateur pour tr\u00e9pied Z5024 multiplex de 6,8 mm<\/p>\n","protected":false},"featured_media":235632,"template":"","meta":{"_acf_changed":false},"product_brand":[],"product_cat":[15152],"product_tag":[],"class_list":{"0":"post-235643","1":"product","2":"type-product","3":"status-publish","4":"has-post-thumbnail","6":"product_cat-audio-utilisation","8":"first","9":"instock","10":"taxable","11":"shipping-taxable","12":"purchasable","13":"product-type-simple"},"acf":[],"_links":{"self":[{"href":"https:\/\/megacase.com\/fr\/wp-json\/wp\/v2\/product\/235643","targetHints":{"allow":["GET"]}}],"collection":[{"href":"https:\/\/megacase.com\/fr\/wp-json\/wp\/v2\/product"}],"about":[{"href":"https:\/\/megacase.com\/fr\/wp-json\/wp\/v2\/types\/product"}],"wp:featuredmedia":[{"embeddable":true,"href":"https:\/\/megacase.com\/fr\/wp-json\/wp\/v2\/media\/235632"}],"wp:attachment":[{"href":"https:\/\/megacase.com\/fr\/wp-json\/wp\/v2\/media?parent=235643"}],"wp:term":[{"taxonomy":"product_brand","embeddable":true,"href":"https:\/\/megacase.com\/fr\/wp-json\/wp\/v2\/product_brand?post=235643"},{"taxonomy":"product_cat","embeddable":true,"href":"https:\/\/megacase.com\/fr\/wp-json\/wp\/v2\/product_cat?post=235643"},{"taxonomy":"product_tag","embeddable":true,"href":"https:\/\/megacase.com\/fr\/wp-json\/wp\/v2\/product_tag?post=235643"}],"curies":[{"name":"wp","href":"https:\/\/api.w.org\/{rel}","templated":true}]}}