{"id":235605,"date":"2022-07-05T12:43:44","date_gmt":"2022-07-05T10:43:44","guid":{"rendered":"https:\/\/megacase.com\/product\/l-case-bk-ah-dlive-c1500-wheel\/"},"modified":"2026-03-26T13:16:12","modified_gmt":"2026-03-26T12:16:12","slug":"l-case-bk-ah-dlive-c1500-wheel","status":"publish","type":"product","link":"https:\/\/megacase.com\/fr\/produit\/l-case-bk-ah-dlive-c1500-wheel\/","title":{"rendered":"L-Case BK A&#038;H dLive C1500 + wheel"},"content":{"rendered":"<p>\u00c9tui en L assorti pour un Allen &amp; Heath dLive C1500<br \/>\nen multiplex de bouleau de 9 mm recouvert de PVC<br \/>\nLa couleur noire<br \/>\nBord en aluminium de 30 x 30 mm<br \/>\n6 fermoirs papillon moyen<br \/>\n6 poign\u00e9es pliantes moyennes<br \/>\n8 boules corners larges<br \/>\n1 coque d&rsquo;\u00e9tiquette de tourn\u00e9e<br \/>\nrembourrage en mousse<br \/>\nDock de 15 cm<br \/>\nglissi\u00e8res<br \/>\nLe m\u00e9langeur peut \u00eatre utilis\u00e9 dans le bo\u00eetier<br \/>\n4 roulettes pivotantes dont 2 avec frein<br \/>\nFabriqu\u00e9 en Allemagne<br \/>\nDimensions ext\u00e9rieures LxPxH : environ 585 x 1006 x 958 mm<br \/>\nPoids : environ 33,8 kg<\/p>\n","protected":false},"excerpt":{"rendered":"<p>\u00c9tui en L assorti pour un Allen &amp; Heath dLive C1500 en multiplex de bouleau de 9 mm recouvert de<\/p>\n","protected":false},"featured_media":235582,"template":"","meta":{"_acf_changed":false},"product_brand":[],"product_cat":[13828],"product_tag":[],"class_list":{"0":"post-235605","1":"product","2":"type-product","3":"status-publish","4":"has-post-thumbnail","6":"product_cat-mischpult-cases-fr","8":"first","9":"instock","10":"taxable","11":"shipping-taxable","12":"purchasable","13":"product-type-simple"},"acf":[],"_links":{"self":[{"href":"https:\/\/megacase.com\/fr\/wp-json\/wp\/v2\/product\/235605","targetHints":{"allow":["GET"]}}],"collection":[{"href":"https:\/\/megacase.com\/fr\/wp-json\/wp\/v2\/product"}],"about":[{"href":"https:\/\/megacase.com\/fr\/wp-json\/wp\/v2\/types\/product"}],"wp:featuredmedia":[{"embeddable":true,"href":"https:\/\/megacase.com\/fr\/wp-json\/wp\/v2\/media\/235582"}],"wp:attachment":[{"href":"https:\/\/megacase.com\/fr\/wp-json\/wp\/v2\/media?parent=235605"}],"wp:term":[{"taxonomy":"product_brand","embeddable":true,"href":"https:\/\/megacase.com\/fr\/wp-json\/wp\/v2\/product_brand?post=235605"},{"taxonomy":"product_cat","embeddable":true,"href":"https:\/\/megacase.com\/fr\/wp-json\/wp\/v2\/product_cat?post=235605"},{"taxonomy":"product_tag","embeddable":true,"href":"https:\/\/megacase.com\/fr\/wp-json\/wp\/v2\/product_tag?post=235605"}],"curies":[{"name":"wp","href":"https:\/\/api.w.org\/{rel}","templated":true}]}}