{"id":235540,"date":"2022-07-05T12:32:51","date_gmt":"2022-07-05T10:32:51","guid":{"rendered":"https:\/\/megacase.com\/product\/trolly-case-sennheiser-lsp-500-pro\/"},"modified":"2026-03-26T13:16:14","modified_gmt":"2026-03-26T12:16:14","slug":"trolly-case-sennheiser-lsp-500-pro","status":"publish","type":"product","link":"https:\/\/megacase.com\/fr\/produit\/trolly-case-sennheiser-lsp-500-pro\/","title":{"rendered":"Trolly-Case Sennheiser LSP 500 Pro"},"content":{"rendered":"<p>Valise trolley assortie pour un haut-parleur \u00e0 batterie Sennheiser LSP Pro<br \/>\nEnduit de r\u00e9sine ph\u00e9nolique multiplex de 6,8 mm<br \/>\nCouleur marron<br \/>\nBord en aluminium 30 x 30 mm<br \/>\n4 serrures papillon, moyennes<br \/>\n4 poign\u00e9es rabattables, moyennes<br \/>\n2 roulettes d&rsquo;angle 75 mm<br \/>\n2 pieds en caoutchouc pour poser 38 x 20 mm<br \/>\nRembourrage en mousse<br \/>\nCompartiment accessoire ci-dessous<br \/>\nFabriqu\u00e9 en Allemagne<br \/>\nDimensions ext\u00e9rieures LxPxH environ : 454 x 432 x 842 mm<br \/>\nPoids env. : 18,4 kg<\/p>\n","protected":false},"excerpt":{"rendered":"<p>Valise trolley assortie pour un haut-parleur \u00e0 batterie Sennheiser LSP Pro Enduit de r\u00e9sine ph\u00e9nolique multiplex de 6,8 mm Couleur<\/p>\n","protected":false},"featured_media":235521,"template":"","meta":{"_acf_changed":false},"product_brand":[],"product_cat":[15152],"product_tag":[],"class_list":{"0":"post-235540","1":"product","2":"type-product","3":"status-publish","4":"has-post-thumbnail","6":"product_cat-audio-utilisation","8":"first","9":"instock","10":"taxable","11":"shipping-taxable","12":"purchasable","13":"product-type-simple"},"acf":[],"_links":{"self":[{"href":"https:\/\/megacase.com\/fr\/wp-json\/wp\/v2\/product\/235540","targetHints":{"allow":["GET"]}}],"collection":[{"href":"https:\/\/megacase.com\/fr\/wp-json\/wp\/v2\/product"}],"about":[{"href":"https:\/\/megacase.com\/fr\/wp-json\/wp\/v2\/types\/product"}],"wp:featuredmedia":[{"embeddable":true,"href":"https:\/\/megacase.com\/fr\/wp-json\/wp\/v2\/media\/235521"}],"wp:attachment":[{"href":"https:\/\/megacase.com\/fr\/wp-json\/wp\/v2\/media?parent=235540"}],"wp:term":[{"taxonomy":"product_brand","embeddable":true,"href":"https:\/\/megacase.com\/fr\/wp-json\/wp\/v2\/product_brand?post=235540"},{"taxonomy":"product_cat","embeddable":true,"href":"https:\/\/megacase.com\/fr\/wp-json\/wp\/v2\/product_cat?post=235540"},{"taxonomy":"product_tag","embeddable":true,"href":"https:\/\/megacase.com\/fr\/wp-json\/wp\/v2\/product_tag?post=235540"}],"curies":[{"name":"wp","href":"https:\/\/api.w.org\/{rel}","templated":true}]}}