{"id":235490,"date":"2022-07-05T12:08:41","date_gmt":"2022-07-05T10:08:41","guid":{"rendered":"https:\/\/megacase.com\/product\/case-epson-eb-l1495u-trolly\/"},"modified":"2026-03-26T13:19:54","modified_gmt":"2026-03-26T12:19:54","slug":"case-epson-eb-l1495u-trolly","status":"publish","type":"product","link":"https:\/\/megacase.com\/fr\/produit\/case-epson-eb-l1495u-trolly\/","title":{"rendered":"Case Epson EB-L1495U + Trolly"},"content":{"rendered":"<p>Mallette de transport adapt\u00e9e pour un projecteur Epson EB-L1495U<br \/>\nen bouleau multiplex de 6,8 mm rev\u00eatu de PVC<br \/>\nCouleur : librement s\u00e9lectionnable<br \/>\nBord en aluminium 30 x 30 mm<br \/>\n2 serrures papillon, moyennes<br \/>\n3 anses rabattables, moyennes<br \/>\n8 coins boule mkttel<br \/>\n2 charni\u00e8res verrouillables<br \/>\n1 plateau d&rsquo;\u00e9tiquettes de tourn\u00e9e dans le couvercle<br \/>\n2 roulettes d&rsquo;angle \u00e0 gauche<br \/>\n1 poign\u00e9e coulissante, 2 niveaux, robuste<br \/>\n4 pieds en caoutchouc 38 x 33 mm<br \/>\n2 pieds en caoutchouc 38 x 20 mm<br \/>\ncompartiment \u00e0 accessoires rembourr\u00e9 de 25 cm \u00e0 droite<br \/>\nFabriqu\u00e9 en Allemagne<br \/>\nDimensions ext\u00e9rieures LxPxH environ : 1000 x 600 x 335 mm<br \/>\nPoids env.: 20,5 kg<\/p>\n<p>Si vous commandez, veuillez sp\u00e9cifier la couleur d\u00e9sir\u00e9e dans le champ de commentaire<\/p>\n","protected":false},"excerpt":{"rendered":"<p>Mallette de transport adapt\u00e9e pour un projecteur Epson EB-L1495U en bouleau multiplex de 6,8 mm rev\u00eatu de PVC Couleur :<\/p>\n","protected":false},"featured_media":235475,"template":"","meta":{"_acf_changed":false},"product_brand":[],"product_cat":[15967],"product_tag":[],"class_list":{"0":"post-235490","1":"product","2":"type-product","3":"status-publish","4":"has-post-thumbnail","6":"product_cat-beamercase-utilisation","8":"first","9":"instock","10":"taxable","11":"shipping-taxable","12":"purchasable","13":"product-type-simple"},"acf":[],"_links":{"self":[{"href":"https:\/\/megacase.com\/fr\/wp-json\/wp\/v2\/product\/235490","targetHints":{"allow":["GET"]}}],"collection":[{"href":"https:\/\/megacase.com\/fr\/wp-json\/wp\/v2\/product"}],"about":[{"href":"https:\/\/megacase.com\/fr\/wp-json\/wp\/v2\/types\/product"}],"wp:featuredmedia":[{"embeddable":true,"href":"https:\/\/megacase.com\/fr\/wp-json\/wp\/v2\/media\/235475"}],"wp:attachment":[{"href":"https:\/\/megacase.com\/fr\/wp-json\/wp\/v2\/media?parent=235490"}],"wp:term":[{"taxonomy":"product_brand","embeddable":true,"href":"https:\/\/megacase.com\/fr\/wp-json\/wp\/v2\/product_brand?post=235490"},{"taxonomy":"product_cat","embeddable":true,"href":"https:\/\/megacase.com\/fr\/wp-json\/wp\/v2\/product_cat?post=235490"},{"taxonomy":"product_tag","embeddable":true,"href":"https:\/\/megacase.com\/fr\/wp-json\/wp\/v2\/product_tag?post=235490"}],"curies":[{"name":"wp","href":"https:\/\/api.w.org\/{rel}","templated":true}]}}