{"id":235405,"date":"2022-07-05T11:47:05","date_gmt":"2022-07-05T09:47:05","guid":{"rendered":"https:\/\/megacase.com\/product\/l-case-chamsys-magicq-pc-wing-compact-display\/"},"modified":"2026-03-26T13:25:01","modified_gmt":"2026-03-26T12:25:01","slug":"l-case-chamsys-magicq-pc-wing-compact-display","status":"publish","type":"product","link":"https:\/\/megacase.com\/fr\/produit\/l-case-chamsys-magicq-pc-wing-compact-display\/","title":{"rendered":"L-Case ChamSys MagicQ PC Wing Compact + Display"},"content":{"rendered":"<p><span class=\"VIiyi\" lang=\"fr\"><span class=\"JLqJ4b ChMk0b\" data-language-for-alternatives=\"fr\" data-language-to-translate-into=\"de\" data-phrase-index=\"0\" data-number-of-phrases=\"35\"><span class=\"Q4iAWc\">Bo\u00eetier en L assorti pour un ChamSys MagicQ PC Wing Compact avec un \u00e9cran Asus VT229H<\/span><\/span> <span class=\"JLqJ4b ChMk0b\" data-language-for-alternatives=\"fr\" data-language-to-translate-into=\"de\" data-phrase-index=\"2\" data-number-of-phrases=\"35\"><span class=\"Q4iAWc\">Rev\u00eatement en PVC multiplex de 6,8 mm<\/span><\/span> <span class=\"JLqJ4b ChMk0b\" data-language-for-alternatives=\"fr\" data-language-to-translate-into=\"de\" data-phrase-index=\"4\" data-number-of-phrases=\"35\"><span class=\"Q4iAWc\">La couleur noire<\/span><\/span> <span class=\"JLqJ4b ChMk0b\" data-language-for-alternatives=\"fr\" data-language-to-translate-into=\"de\" data-phrase-index=\"6\" data-number-of-phrases=\"35\"><span class=\"Q4iAWc\">Bord en aluminium de 30 x 30 mm<\/span><\/span> <span class=\"JLqJ4b ChMk0b\" data-language-for-alternatives=\"fr\" data-language-to-translate-into=\"de\" data-phrase-index=\"8\" data-number-of-phrases=\"35\"><span class=\"Q4iAWc\">8 fermoirs papillon moyen<\/span><\/span> <span class=\"JLqJ4b ChMk0b\" data-language-for-alternatives=\"fr\" data-language-to-translate-into=\"de\" data-phrase-index=\"10\" data-number-of-phrases=\"35\"><span class=\"Q4iAWc\">4 poign\u00e9es pliantes moyennes<\/span><\/span> <span class=\"JLqJ4b ChMk0b\" data-language-for-alternatives=\"fr\" data-language-to-translate-into=\"de\" data-phrase-index=\"12\" data-number-of-phrases=\"35\"><span class=\"Q4iAWc\">8 coins boule moyen<\/span><\/span> <span class=\"JLqJ4b ChMk0b\" data-language-for-alternatives=\"fr\" data-language-to-translate-into=\"de\" data-phrase-index=\"14\" data-number-of-phrases=\"35\"><span class=\"Q4iAWc\">4 pieds en caoutchouc 38 x 25 mm<\/span><\/span> <span class=\"JLqJ4b ChMk0b\" data-language-for-alternatives=\"fr\" data-language-to-translate-into=\"de\" data-phrase-index=\"16\" data-number-of-phrases=\"35\"><span class=\"Q4iAWc\">rembourrage en mousse<\/span><\/span> <span class=\"JLqJ4b ChMk0b\" data-language-for-alternatives=\"fr\" data-language-to-translate-into=\"de\" data-phrase-index=\"18\" data-number-of-phrases=\"35\"><span class=\"Q4iAWc\">Clavier coulissant sous le bureau<\/span><\/span> <span class=\"JLqJ4b ChMk0b\" data-language-for-alternatives=\"fr\" data-language-to-translate-into=\"de\" data-phrase-index=\"20\" data-number-of-phrases=\"35\"><span class=\"Q4iAWc\">Le moniteur peut \u00eatre fix\u00e9 au conduit de c\u00e2bles<\/span><\/span> <span class=\"JLqJ4b ChMk0b\" data-language-for-alternatives=\"fr\" data-language-to-translate-into=\"de\" data-phrase-index=\"22\" data-number-of-phrases=\"35\"><span class=\"Q4iAWc\">espace pour les c\u00e2bles \u00e0 l&rsquo;arri\u00e8re<\/span><\/span> <span class=\"JLqJ4b ChMk0b\" data-language-for-alternatives=\"fr\" data-language-to-translate-into=\"de\" data-phrase-index=\"24\" data-number-of-phrases=\"35\"><span class=\"Q4iAWc\">dans le chemin de c\u00e2bles \u00e0 l&rsquo;arri\u00e8re se trouvent des fraisages pour 8 prises Neutrik<\/span><\/span> <span class=\"JLqJ4b ChMk0b\" data-language-for-alternatives=\"fr\" data-language-to-translate-into=\"de\" data-phrase-index=\"26\" data-number-of-phrases=\"35\"><span class=\"Q4iAWc\">Le pont de moniteur peut \u00eatre configur\u00e9 en 3 \u00e9tapes.<\/span><\/span> <span class=\"JLqJ4b ChMk0b\" data-language-for-alternatives=\"fr\" data-language-to-translate-into=\"de\" data-phrase-index=\"28\" data-number-of-phrases=\"35\"><span class=\"Q4iAWc\">Passage de c\u00e2ble vers le tiroir du clavier<\/span><\/span> <span class=\"JLqJ4b ChMk0b\" data-language-for-alternatives=\"fr\" data-language-to-translate-into=\"de\" data-phrase-index=\"30\" data-number-of-phrases=\"35\"><span class=\"Q4iAWc\">Fabriqu\u00e9 en Allemagne<\/span><\/span> <span class=\"JLqJ4b ChMk0b\" data-language-for-alternatives=\"fr\" data-language-to-translate-into=\"de\" data-phrase-index=\"32\" data-number-of-phrases=\"35\"><span class=\"Q4iAWc\">Dimensions ext\u00e9rieures LxPxH environ : 365 x 545 x 370 mm<\/span><\/span> <span class=\"JLqJ4b ChMk0b\" data-language-for-alternatives=\"fr\" data-language-to-translate-into=\"de\" data-phrase-index=\"34\" data-number-of-phrases=\"35\"><span class=\"Q4iAWc\">Poids approximatif : 21,3 kg<\/span><\/span><\/span><\/p>\n","protected":false},"excerpt":{"rendered":"<p>Bo\u00eetier en L assorti pour un ChamSys MagicQ PC Wing Compact avec un \u00e9cran Asus VT229H Rev\u00eatement en PVC multiplex<\/p>\n","protected":false},"featured_media":235389,"template":"","meta":{"_acf_changed":false},"product_brand":[],"product_cat":[13828],"product_tag":[],"class_list":{"0":"post-235405","1":"product","2":"type-product","3":"status-publish","4":"has-post-thumbnail","6":"product_cat-mischpult-cases-fr","8":"first","9":"instock","10":"taxable","11":"shipping-taxable","12":"purchasable","13":"product-type-simple"},"acf":[],"_links":{"self":[{"href":"https:\/\/megacase.com\/fr\/wp-json\/wp\/v2\/product\/235405","targetHints":{"allow":["GET"]}}],"collection":[{"href":"https:\/\/megacase.com\/fr\/wp-json\/wp\/v2\/product"}],"about":[{"href":"https:\/\/megacase.com\/fr\/wp-json\/wp\/v2\/types\/product"}],"wp:featuredmedia":[{"embeddable":true,"href":"https:\/\/megacase.com\/fr\/wp-json\/wp\/v2\/media\/235389"}],"wp:attachment":[{"href":"https:\/\/megacase.com\/fr\/wp-json\/wp\/v2\/media?parent=235405"}],"wp:term":[{"taxonomy":"product_brand","embeddable":true,"href":"https:\/\/megacase.com\/fr\/wp-json\/wp\/v2\/product_brand?post=235405"},{"taxonomy":"product_cat","embeddable":true,"href":"https:\/\/megacase.com\/fr\/wp-json\/wp\/v2\/product_cat?post=235405"},{"taxonomy":"product_tag","embeddable":true,"href":"https:\/\/megacase.com\/fr\/wp-json\/wp\/v2\/product_tag?post=235405"}],"curies":[{"name":"wp","href":"https:\/\/api.w.org\/{rel}","templated":true}]}}