{"id":235328,"date":"2022-07-05T11:41:56","date_gmt":"2022-07-05T09:41:56","guid":{"rendered":"https:\/\/megacase.com\/product\/9-5-double-door-rack-4u-30\/"},"modified":"2026-03-26T13:16:14","modified_gmt":"2026-03-26T12:16:14","slug":"9-5-double-door-rack-4u-30","status":"publish","type":"product","link":"https:\/\/megacase.com\/fr\/produit\/9-5-double-door-rack-4u-30\/","title":{"rendered":"9.5&Prime; Double Door Rack 4U 30"},"content":{"rendered":"<p>Rack double porte 9,5 pouces avec r\u00e9glage variable de la largeur et une hauteur de 4U<br \/>\nLes rails du rack peuvent \u00eatre ajust\u00e9s avec des vis lat\u00e9rales<br \/>\nprofondeur d&rsquo;encastrement 30 cm<br \/>\n33 cm de profondeur de corps<br \/>\n2 couvercles<br \/>\nRev\u00eatement en r\u00e9sine ph\u00e9nolique multiplex de 6,8 mm<br \/>\nCouleur marron<br \/>\nChant en aluminium 22&#215;22 mm<br \/>\n4 fermoirs papillon \u00e0 ressort NOUVEAU<br \/>\n1 poign\u00e9e rabattable \u00e0 l&rsquo;avant<br \/>\n4 pieds en caoutchouc 38&#215;20<br \/>\nRail de cr\u00e9maill\u00e8re continu avec passepoil en caoutchouc \u00e0 l&rsquo;avant et \u00e0 l&rsquo;arri\u00e8re<br \/>\ny compris jeu de vis<br \/>\nCoins plats en acier<br \/>\nFabriqu\u00e9 en Allemagne<br \/>\nDimensions ext\u00e9rieures LxPxH : environ 350 x 465 x 225 mm<br \/>\nPoids : environ 6,3 kg<\/p>\n","protected":false},"excerpt":{"rendered":"<p>Rack double porte 9,5 pouces avec r\u00e9glage variable de la largeur et une hauteur de 4U Les rails du rack<\/p>\n","protected":false},"featured_media":235309,"template":"","meta":{"_acf_changed":false},"product_brand":[],"product_cat":[13593],"product_tag":[],"class_list":{"0":"post-235328","1":"product","2":"type-product","3":"status-publish","4":"has-post-thumbnail","6":"product_cat-racks-fr","8":"first","9":"instock","10":"taxable","11":"shipping-taxable","12":"purchasable","13":"product-type-simple"},"acf":[],"_links":{"self":[{"href":"https:\/\/megacase.com\/fr\/wp-json\/wp\/v2\/product\/235328","targetHints":{"allow":["GET"]}}],"collection":[{"href":"https:\/\/megacase.com\/fr\/wp-json\/wp\/v2\/product"}],"about":[{"href":"https:\/\/megacase.com\/fr\/wp-json\/wp\/v2\/types\/product"}],"wp:featuredmedia":[{"embeddable":true,"href":"https:\/\/megacase.com\/fr\/wp-json\/wp\/v2\/media\/235309"}],"wp:attachment":[{"href":"https:\/\/megacase.com\/fr\/wp-json\/wp\/v2\/media?parent=235328"}],"wp:term":[{"taxonomy":"product_brand","embeddable":true,"href":"https:\/\/megacase.com\/fr\/wp-json\/wp\/v2\/product_brand?post=235328"},{"taxonomy":"product_cat","embeddable":true,"href":"https:\/\/megacase.com\/fr\/wp-json\/wp\/v2\/product_cat?post=235328"},{"taxonomy":"product_tag","embeddable":true,"href":"https:\/\/megacase.com\/fr\/wp-json\/wp\/v2\/product_tag?post=235328"}],"curies":[{"name":"wp","href":"https:\/\/api.w.org\/{rel}","templated":true}]}}