{"id":235260,"date":"2022-07-05T11:26:55","date_gmt":"2022-07-05T09:26:55","guid":{"rendered":"https:\/\/megacase.com\/product\/flip-down-case-yamaha-pm7\/"},"modified":"2026-03-26T13:16:14","modified_gmt":"2026-03-26T12:16:14","slug":"flip-down-case-yamaha-pm7","status":"publish","type":"product","link":"https:\/\/megacase.com\/fr\/produit\/flip-down-case-yamaha-pm7\/","title":{"rendered":"Flip Down Case Yamaha PM7"},"content":{"rendered":"<p>Mallette \u00e0 rabat lourde sur roulettes (frein\u00e9e 2x) avec Encadrement de panneau lat\u00e9ral pour table de mixage Yamaha Rivage CSD R7\/R10,<br \/>\nUn support LINDY peut \u00eatre fix\u00e9 \u00e0 gauche ou \u00e0 droite ;<br \/>\nen multiplex de 9 mm rev\u00eatu<br \/>\nCouleur : librement s\u00e9lectionnable<br \/>\nChant aluminium 35&#215;35 mm,<br \/>\n8 fermoirs papillon grands,<br \/>\n8 poign\u00e9e pliante grande,<br \/>\n12 L coins larges,<br \/>\n2 poign\u00e9es int\u00e9gr\u00e9es de bord,<br \/>\n8 balles corner grand,<br \/>\ncharni\u00e8re lourde 80&#215;120 mm,<br \/>\n2 loquets (compartiments avant),<br \/>\n6 charni\u00e8res \u00e0 vis argent,<br \/>\n4 roulettes pivotantes 100 mm dont 2 \u00e0 frein,<br \/>\n1 planche \u00e0 roulettes,<br \/>\nrembourrage en mousse,<br \/>\nRembourrage en mousse enti\u00e8rement noir<br \/>\n2 flancs adapt\u00e9s au Yamaha Rivage CSD R7,<br \/>\nvis de blocage,<br \/>\n2 ressorts \u00e0 gaz,<br \/>\nDimensions ext\u00e9rieures LxPxH environ : 1800 x 675 x 1335 mm<br \/>\nPoids approximatif : 172 kg<\/p>\n","protected":false},"excerpt":{"rendered":"<p>Mallette \u00e0 rabat lourde sur roulettes (frein\u00e9e 2x) avec Encadrement de panneau lat\u00e9ral pour table de mixage Yamaha Rivage CSD<\/p>\n","protected":false},"featured_media":235197,"template":"","meta":{"_acf_changed":false},"product_brand":[],"product_cat":[13828],"product_tag":[],"class_list":{"0":"post-235260","1":"product","2":"type-product","3":"status-publish","4":"has-post-thumbnail","6":"product_cat-mischpult-cases-fr","8":"first","9":"instock","10":"taxable","11":"shipping-taxable","12":"purchasable","13":"product-type-simple"},"acf":[],"_links":{"self":[{"href":"https:\/\/megacase.com\/fr\/wp-json\/wp\/v2\/product\/235260","targetHints":{"allow":["GET"]}}],"collection":[{"href":"https:\/\/megacase.com\/fr\/wp-json\/wp\/v2\/product"}],"about":[{"href":"https:\/\/megacase.com\/fr\/wp-json\/wp\/v2\/types\/product"}],"wp:featuredmedia":[{"embeddable":true,"href":"https:\/\/megacase.com\/fr\/wp-json\/wp\/v2\/media\/235197"}],"wp:attachment":[{"href":"https:\/\/megacase.com\/fr\/wp-json\/wp\/v2\/media?parent=235260"}],"wp:term":[{"taxonomy":"product_brand","embeddable":true,"href":"https:\/\/megacase.com\/fr\/wp-json\/wp\/v2\/product_brand?post=235260"},{"taxonomy":"product_cat","embeddable":true,"href":"https:\/\/megacase.com\/fr\/wp-json\/wp\/v2\/product_cat?post=235260"},{"taxonomy":"product_tag","embeddable":true,"href":"https:\/\/megacase.com\/fr\/wp-json\/wp\/v2\/product_tag?post=235260"}],"curies":[{"name":"wp","href":"https:\/\/api.w.org\/{rel}","templated":true}]}}