{"id":235188,"date":"2022-07-05T11:19:21","date_gmt":"2022-07-05T09:19:21","guid":{"rendered":"https:\/\/megacase.com\/product\/flightcase-adj-entour-faze\/"},"modified":"2026-03-26T13:16:15","modified_gmt":"2026-03-26T12:16:15","slug":"flightcase-adj-entour-faze","status":"publish","type":"product","link":"https:\/\/megacase.com\/fr\/produit\/flightcase-adj-entour-faze\/","title":{"rendered":"Flightcase ADJ Entour Faze"},"content":{"rendered":"<p>\u00c9tui de poitrine assorti pour une machine \u00e0 brume ADJ Entour Faze<br \/>\nRev\u00eatement en r\u00e9sine ph\u00e9nolique multiplex de 6,8 mm<br \/>\nCouleur marron<br \/>\nBord en aluminium 25x25mm<br \/>\n1 attache papillon moyenne<br \/>\n2 poign\u00e9es rabattables moyennes<br \/>\n2 grandes charni\u00e8res verrouillables<br \/>\n4 boules coin moyen<br \/>\n4 coins \u00e0 boule avec coin en L moyen<br \/>\nrembourrage en mousse<br \/>\nFabriqu\u00e9 en Allemagne<br \/>\nDimensions ext\u00e9rieures LxPxH : environ 485 x 295 x 395 mm<br \/>\nPoids : environ 6,9 kg<\/p>\n","protected":false},"excerpt":{"rendered":"<p>\u00c9tui de poitrine assorti pour une machine \u00e0 brume ADJ Entour Faze Rev\u00eatement en r\u00e9sine ph\u00e9nolique multiplex de 6,8 mm<\/p>\n","protected":false},"featured_media":235149,"template":"","meta":{"_acf_changed":false},"product_brand":[],"product_cat":[15923],"product_tag":[],"class_list":{"0":"post-235188","1":"product","2":"type-product","3":"status-publish","4":"has-post-thumbnail","6":"product_cat-smoke-machine-utilisation","8":"first","9":"instock","10":"taxable","11":"shipping-taxable","12":"purchasable","13":"product-type-simple"},"acf":[],"_links":{"self":[{"href":"https:\/\/megacase.com\/fr\/wp-json\/wp\/v2\/product\/235188","targetHints":{"allow":["GET"]}}],"collection":[{"href":"https:\/\/megacase.com\/fr\/wp-json\/wp\/v2\/product"}],"about":[{"href":"https:\/\/megacase.com\/fr\/wp-json\/wp\/v2\/types\/product"}],"wp:featuredmedia":[{"embeddable":true,"href":"https:\/\/megacase.com\/fr\/wp-json\/wp\/v2\/media\/235149"}],"wp:attachment":[{"href":"https:\/\/megacase.com\/fr\/wp-json\/wp\/v2\/media?parent=235188"}],"wp:term":[{"taxonomy":"product_brand","embeddable":true,"href":"https:\/\/megacase.com\/fr\/wp-json\/wp\/v2\/product_brand?post=235188"},{"taxonomy":"product_cat","embeddable":true,"href":"https:\/\/megacase.com\/fr\/wp-json\/wp\/v2\/product_cat?post=235188"},{"taxonomy":"product_tag","embeddable":true,"href":"https:\/\/megacase.com\/fr\/wp-json\/wp\/v2\/product_tag?post=235188"}],"curies":[{"name":"wp","href":"https:\/\/api.w.org\/{rel}","templated":true}]}}