{"id":235092,"date":"2022-07-05T11:05:13","date_gmt":"2022-07-05T09:05:13","guid":{"rendered":"https:\/\/megacase.com\/product\/case-6x-varytec-battery-event-par-ip65\/"},"modified":"2026-03-26T13:16:15","modified_gmt":"2026-03-26T12:16:15","slug":"case-6x-varytec-battery-event-par-ip65","status":"publish","type":"product","link":"https:\/\/megacase.com\/fr\/produit\/case-6x-varytec-battery-event-par-ip65\/","title":{"rendered":"Case 6x Varytec Battery Event  PAR IP65"},"content":{"rendered":"<p>Valise coffre assortie pour 6 phares PAR LED Varytec Battery Event PAR IP65<br \/>\n6,8 mm bouleau ph\u00e9nolique brun<br \/>\nBord en aluminium 25 x 25 mm<br \/>\n2 papillons \u00e0 suspension moyenne<br \/>\n4 poign\u00e9es pliables moyennes<br \/>\n3 grandes charni\u00e8res verrouillables<br \/>\n4 coins sph\u00e9riques moyens avec coin en L<br \/>\n4 coins boule moyen<br \/>\nrembourrage en mousse<br \/>\nCompartiment \u00e0 accessoires rembourr\u00e9 de 150 mm de large \u00e0 droite<br \/>\n4 roulettes pivotantes 100 mm \/ 2 avec frein<br \/>\nFabriqu\u00e9 en Allemagne<br \/>\nDimensions ext\u00e9rieures LxPxH : environ 1020 x 580 x 480 mm<br \/>\nPoids : environ 23,7 kg<\/p>\n","protected":false},"excerpt":{"rendered":"<p>Valise coffre assortie pour 6 phares PAR LED Varytec Battery Event PAR IP65 6,8 mm bouleau ph\u00e9nolique brun Bord en<\/p>\n","protected":false},"featured_media":235089,"template":"","meta":{"_acf_changed":false},"product_brand":[],"product_cat":[15423],"product_tag":[],"class_list":{"0":"post-235092","1":"product","2":"type-product","3":"status-publish","4":"has-post-thumbnail","6":"product_cat-light-equipment-case-utilisation","8":"first","9":"instock","10":"taxable","11":"shipping-taxable","12":"purchasable","13":"product-type-simple"},"acf":[],"_links":{"self":[{"href":"https:\/\/megacase.com\/fr\/wp-json\/wp\/v2\/product\/235092","targetHints":{"allow":["GET"]}}],"collection":[{"href":"https:\/\/megacase.com\/fr\/wp-json\/wp\/v2\/product"}],"about":[{"href":"https:\/\/megacase.com\/fr\/wp-json\/wp\/v2\/types\/product"}],"wp:featuredmedia":[{"embeddable":true,"href":"https:\/\/megacase.com\/fr\/wp-json\/wp\/v2\/media\/235089"}],"wp:attachment":[{"href":"https:\/\/megacase.com\/fr\/wp-json\/wp\/v2\/media?parent=235092"}],"wp:term":[{"taxonomy":"product_brand","embeddable":true,"href":"https:\/\/megacase.com\/fr\/wp-json\/wp\/v2\/product_brand?post=235092"},{"taxonomy":"product_cat","embeddable":true,"href":"https:\/\/megacase.com\/fr\/wp-json\/wp\/v2\/product_cat?post=235092"},{"taxonomy":"product_tag","embeddable":true,"href":"https:\/\/megacase.com\/fr\/wp-json\/wp\/v2\/product_tag?post=235092"}],"curies":[{"name":"wp","href":"https:\/\/api.w.org\/{rel}","templated":true}]}}