{"id":235036,"date":"2022-07-05T10:58:26","date_gmt":"2022-07-05T08:58:26","guid":{"rendered":"https:\/\/megacase.com\/product\/case-cameo-hydrabeam-400-4x10w\/"},"modified":"2026-03-26T13:16:15","modified_gmt":"2026-03-26T12:16:15","slug":"case-cameo-hydrabeam-400-4x10w","status":"publish","type":"product","link":"https:\/\/megacase.com\/fr\/produit\/case-cameo-hydrabeam-400-4x10w\/","title":{"rendered":"Case Cameo Hydrabeam 400 4x10w"},"content":{"rendered":"<p>Bo\u00eetier adapt\u00e9 pour un Cameo Hydrabeam 400 4x10w Cree RGBw<br \/>\nFabriqu\u00e9 en r\u00e9sine ph\u00e9nolique multiplex de 6,8 mm rev\u00eatue<br \/>\nCouleur marron<br \/>\nBord en aluminium 25 x 25 mm<br \/>\n2 fermoirs papillon moyen<br \/>\n2 grandes charni\u00e8res verrouillables<br \/>\n1 poign\u00e9e pliante moyenne<br \/>\n4 boules coin moyen<br \/>\nCoin \u00e0 4 balles milieu L coin<br \/>\nmousse<br \/>\nDimensions ext\u00e9rieures LxPxH 875x215x315 mm<br \/>\nPoids 7,9 kg<br \/>\nFabriqu\u00e9 en Allemagne<\/p>\n","protected":false},"excerpt":{"rendered":"<p>Bo\u00eetier adapt\u00e9 pour un Cameo Hydrabeam 400 4x10w Cree RGBw Fabriqu\u00e9 en r\u00e9sine ph\u00e9nolique multiplex de 6,8 mm rev\u00eatue Couleur<\/p>\n","protected":false},"featured_media":234989,"template":"","meta":{"_acf_changed":false},"product_brand":[],"product_cat":[15423],"product_tag":[],"class_list":{"0":"post-235036","1":"product","2":"type-product","3":"status-publish","4":"has-post-thumbnail","6":"product_cat-light-equipment-case-utilisation","8":"first","9":"instock","10":"taxable","11":"shipping-taxable","12":"purchasable","13":"product-type-simple"},"acf":[],"_links":{"self":[{"href":"https:\/\/megacase.com\/fr\/wp-json\/wp\/v2\/product\/235036","targetHints":{"allow":["GET"]}}],"collection":[{"href":"https:\/\/megacase.com\/fr\/wp-json\/wp\/v2\/product"}],"about":[{"href":"https:\/\/megacase.com\/fr\/wp-json\/wp\/v2\/types\/product"}],"wp:featuredmedia":[{"embeddable":true,"href":"https:\/\/megacase.com\/fr\/wp-json\/wp\/v2\/media\/234989"}],"wp:attachment":[{"href":"https:\/\/megacase.com\/fr\/wp-json\/wp\/v2\/media?parent=235036"}],"wp:term":[{"taxonomy":"product_brand","embeddable":true,"href":"https:\/\/megacase.com\/fr\/wp-json\/wp\/v2\/product_brand?post=235036"},{"taxonomy":"product_cat","embeddable":true,"href":"https:\/\/megacase.com\/fr\/wp-json\/wp\/v2\/product_cat?post=235036"},{"taxonomy":"product_tag","embeddable":true,"href":"https:\/\/megacase.com\/fr\/wp-json\/wp\/v2\/product_tag?post=235036"}],"curies":[{"name":"wp","href":"https:\/\/api.w.org\/{rel}","templated":true}]}}