{"id":234880,"date":"2022-07-05T10:21:09","date_gmt":"2022-07-05T08:21:09","guid":{"rendered":"https:\/\/megacase.com\/product\/flightcase-qsc-k12-k12-2-wheel\/"},"modified":"2026-03-26T13:16:16","modified_gmt":"2026-03-26T12:16:16","slug":"flightcase-qsc-k12-k12-2-wheel","status":"publish","type":"product","link":"https:\/\/megacase.com\/fr\/produit\/flightcase-qsc-k12-k12-2-wheel\/","title":{"rendered":"Flightcase QSC K12 \/ K12.2 + wheel"},"content":{"rendered":"<p>Housse de capot assortie pour deux haut-parleurs QSC K 12 \/ 12.2<br \/>\nen r\u00e9sine ph\u00e9nolique multiplex de 6,8 mm rev\u00eatue<br \/>\nCouleur marron<br \/>\nChant en aluminium 30&#215;30 mm<br \/>\n4 attaches papillon moyennes<br \/>\n4 poign\u00e9es pliables moyennes<br \/>\n8 boules coin moyen<br \/>\nsubdivision sujet<br \/>\nrembourrage en mousse<br \/>\n4 roulettes pivotantes dont 2 avec frein<br \/>\nFabriqu\u00e9 en Allemagne<br \/>\nDimensions ext\u00e9rieures LxPxH : environ 825 x 430 x 820 mm<br \/>\nPoids : environ 24,6 kg<\/p>\n","protected":false},"excerpt":{"rendered":"<p>Housse de capot assortie pour deux haut-parleurs QSC K 12 \/ 12.2 en r\u00e9sine ph\u00e9nolique multiplex de 6,8 mm rev\u00eatue<\/p>\n","protected":false},"featured_media":234877,"template":"","meta":{"_acf_changed":false},"product_brand":[],"product_cat":[15152],"product_tag":[],"class_list":{"0":"post-234880","1":"product","2":"type-product","3":"status-publish","4":"has-post-thumbnail","6":"product_cat-audio-utilisation","8":"first","9":"instock","10":"taxable","11":"shipping-taxable","12":"purchasable","13":"product-type-simple"},"acf":[],"_links":{"self":[{"href":"https:\/\/megacase.com\/fr\/wp-json\/wp\/v2\/product\/234880","targetHints":{"allow":["GET"]}}],"collection":[{"href":"https:\/\/megacase.com\/fr\/wp-json\/wp\/v2\/product"}],"about":[{"href":"https:\/\/megacase.com\/fr\/wp-json\/wp\/v2\/types\/product"}],"wp:featuredmedia":[{"embeddable":true,"href":"https:\/\/megacase.com\/fr\/wp-json\/wp\/v2\/media\/234877"}],"wp:attachment":[{"href":"https:\/\/megacase.com\/fr\/wp-json\/wp\/v2\/media?parent=234880"}],"wp:term":[{"taxonomy":"product_brand","embeddable":true,"href":"https:\/\/megacase.com\/fr\/wp-json\/wp\/v2\/product_brand?post=234880"},{"taxonomy":"product_cat","embeddable":true,"href":"https:\/\/megacase.com\/fr\/wp-json\/wp\/v2\/product_cat?post=234880"},{"taxonomy":"product_tag","embeddable":true,"href":"https:\/\/megacase.com\/fr\/wp-json\/wp\/v2\/product_tag?post=234880"}],"curies":[{"name":"wp","href":"https:\/\/api.w.org\/{rel}","templated":true}]}}