{"id":234276,"date":"2022-06-20T15:54:51","date_gmt":"2022-06-20T13:54:51","guid":{"rendered":"https:\/\/megacase.com\/product\/flightcase-2x-rcf-nx-15-sma-wheel\/"},"modified":"2026-03-26T13:16:16","modified_gmt":"2026-03-26T12:16:16","slug":"flightcase-2x-rcf-nx-15-sma-wheel","status":"publish","type":"product","link":"https:\/\/megacase.com\/fr\/produit\/flightcase-2x-rcf-nx-15-sma-wheel\/","title":{"rendered":"Flightcase 2x RCF NX 15-SMA + wheel"},"content":{"rendered":"<p>Housse de protection assortie pour 2 RCF NX 15 SMA<br \/>\nen r\u00e9sine ph\u00e9nolique multiplex de 6,8 mm rev\u00eatue<br \/>\nCouleur marron<br \/>\nBord en aluminium 30 x 30 mm<br \/>\n4 fermoirs papillon moyen<br \/>\n4 poign\u00e9es pliantes moyennes<br \/>\n8 coins boule moyen<br \/>\n8 L coins grands<br \/>\nrembourrage en mousse<br \/>\nsubdivision sujet<br \/>\n4 roulettes pivotantes dont 2 avec frein<br \/>\nFabriqu\u00e9 en Allemagne<br \/>\nDimensions int\u00e9rieures LxPxH : environ 777 x 535 x 885 mm<br \/>\nPoids : environ 26,7 kg<\/p>\n","protected":false},"excerpt":{"rendered":"<p>Housse de protection assortie pour 2 RCF NX 15 SMA en r\u00e9sine ph\u00e9nolique multiplex de 6,8 mm rev\u00eatue Couleur marron<\/p>\n","protected":false},"featured_media":234241,"template":"","meta":{"_acf_changed":false},"product_brand":[],"product_cat":[15152],"product_tag":[],"class_list":{"0":"post-234276","1":"product","2":"type-product","3":"status-publish","4":"has-post-thumbnail","6":"product_cat-audio-utilisation","8":"first","9":"instock","10":"taxable","11":"shipping-taxable","12":"purchasable","13":"product-type-simple"},"acf":[],"_links":{"self":[{"href":"https:\/\/megacase.com\/fr\/wp-json\/wp\/v2\/product\/234276","targetHints":{"allow":["GET"]}}],"collection":[{"href":"https:\/\/megacase.com\/fr\/wp-json\/wp\/v2\/product"}],"about":[{"href":"https:\/\/megacase.com\/fr\/wp-json\/wp\/v2\/types\/product"}],"wp:featuredmedia":[{"embeddable":true,"href":"https:\/\/megacase.com\/fr\/wp-json\/wp\/v2\/media\/234241"}],"wp:attachment":[{"href":"https:\/\/megacase.com\/fr\/wp-json\/wp\/v2\/media?parent=234276"}],"wp:term":[{"taxonomy":"product_brand","embeddable":true,"href":"https:\/\/megacase.com\/fr\/wp-json\/wp\/v2\/product_brand?post=234276"},{"taxonomy":"product_cat","embeddable":true,"href":"https:\/\/megacase.com\/fr\/wp-json\/wp\/v2\/product_cat?post=234276"},{"taxonomy":"product_tag","embeddable":true,"href":"https:\/\/megacase.com\/fr\/wp-json\/wp\/v2\/product_tag?post=234276"}],"curies":[{"name":"wp","href":"https:\/\/api.w.org\/{rel}","templated":true}]}}