{"id":234191,"date":"2014-03-17T00:00:00","date_gmt":"2014-03-16T23:00:00","guid":{"rendered":"https:\/\/megacase.com\/product\/profi-garderoben-case-auf-rollen-1200x600x1800-bxtxh\/"},"modified":"2026-03-26T12:21:50","modified_gmt":"2026-03-26T11:21:50","slug":"profi-garderoben-case-auf-rollen-1200x600x1800-bxtxh","status":"publish","type":"product","link":"https:\/\/megacase.com\/fr\/produit\/profi-garderoben-case-auf-rollen-1200x600x1800-bxtxh\/","title":{"rendered":"Wardrobe Case 1200x600x1800"},"content":{"rendered":"<p>Casier vestiaire avec tringle \u00e0 v\u00eatements<br \/>\nen contreplaqu\u00e9 de bouleau de 9 mm recouvert de r\u00e9sine ph\u00e9nolique<br \/>\nCouleur marron<br \/>\nBord en aluminium 30 x 30 mm<br \/>\n3 fermoirs papillon moyen<br \/>\n12 grandes poign\u00e9es rabattables<br \/>\n8 boules corners larges<br \/>\n6 charni\u00e8res lourdes<br \/>\n4 roulettes pivotantes dont 2 avec frein<br \/>\ncompartiment inf\u00e9rieur pour les chaussures<br \/>\nFabriqu\u00e9 en Allemagne<br \/>\nDimensions ext\u00e9rieures LxPxH : environ 1245 x 700 x 1956 mm<br \/>\nPoids : environ 81,6 kg<\/p>\n","protected":false},"excerpt":{"rendered":"<p>Casier vestiaire avec tringle \u00e0 v\u00eatements en contreplaqu\u00e9 de bouleau de 9 mm recouvert de r\u00e9sine ph\u00e9nolique Couleur marron Bord<\/p>\n","protected":false},"featured_media":127459,"template":"","meta":{"_acf_changed":false},"product_brand":[],"product_cat":[13745],"product_tag":[],"class_list":{"0":"post-234191","1":"product","2":"type-product","3":"status-publish","4":"has-post-thumbnail","6":"product_cat-catering-und-event-cases-fr","8":"first","9":"instock","10":"taxable","11":"shipping-taxable","12":"purchasable","13":"product-type-simple"},"acf":[],"_links":{"self":[{"href":"https:\/\/megacase.com\/fr\/wp-json\/wp\/v2\/product\/234191","targetHints":{"allow":["GET"]}}],"collection":[{"href":"https:\/\/megacase.com\/fr\/wp-json\/wp\/v2\/product"}],"about":[{"href":"https:\/\/megacase.com\/fr\/wp-json\/wp\/v2\/types\/product"}],"wp:featuredmedia":[{"embeddable":true,"href":"https:\/\/megacase.com\/fr\/wp-json\/wp\/v2\/media\/127459"}],"wp:attachment":[{"href":"https:\/\/megacase.com\/fr\/wp-json\/wp\/v2\/media?parent=234191"}],"wp:term":[{"taxonomy":"product_brand","embeddable":true,"href":"https:\/\/megacase.com\/fr\/wp-json\/wp\/v2\/product_brand?post=234191"},{"taxonomy":"product_cat","embeddable":true,"href":"https:\/\/megacase.com\/fr\/wp-json\/wp\/v2\/product_cat?post=234191"},{"taxonomy":"product_tag","embeddable":true,"href":"https:\/\/megacase.com\/fr\/wp-json\/wp\/v2\/product_tag?post=234191"}],"curies":[{"name":"wp","href":"https:\/\/api.w.org\/{rel}","templated":true}]}}