{"id":232724,"date":"2022-04-28T13:51:30","date_gmt":"2022-04-28T11:51:30","guid":{"rendered":"https:\/\/megacase.com\/product\/pedalcase-boss-gx-100\/"},"modified":"2026-03-26T13:16:18","modified_gmt":"2026-03-26T12:16:18","slug":"pedalcase-boss-gx-100","status":"publish","type":"product","link":"https:\/\/megacase.com\/fr\/produit\/pedalcase-boss-gx-100\/","title":{"rendered":"Pedalcase Boss GX-100"},"content":{"rendered":"<p>\u00e9tui adapt\u00e9 pour Boss GX-100<br \/>\nen plastique nid d&rsquo;abeille de 7 mm<br \/>\nLa couleur noire<br \/>\nChant aluminium 22 x 22 mm<br \/>\n2 petits fermoirs papillon<br \/>\n1 poign\u00e9e de valise<br \/>\n8 coins boules petits<br \/>\n4 pieds en caoutchouc 38 x 10 mm<br \/>\nrembourrage en mousse<br \/>\n10 cm d&rsquo;espace \u00e0 l&rsquo;arri\u00e8re pour les connexions et les c\u00e2bles<br \/>\nFabriqu\u00e9 en Allemagne<br \/>\nDimensions ext\u00e9rieures LxPxH : environ 524 x 336 x 132 mm<br \/>\nPoids : environ 3,2 kg<\/p>\n","protected":false},"excerpt":{"rendered":"<p>\u00e9tui adapt\u00e9 pour Boss GX-100 en plastique nid d&rsquo;abeille de 7 mm La couleur noire Chant aluminium 22 x 22<\/p>\n","protected":false},"featured_media":232758,"template":"","meta":{"_acf_changed":false},"product_brand":[],"product_cat":[15829],"product_tag":[],"class_list":{"0":"post-232724","1":"product","2":"type-product","3":"status-publish","4":"has-post-thumbnail","6":"product_cat-pedalcase-guitar-bass-cases-utilisation","8":"first","9":"instock","10":"taxable","11":"shipping-taxable","12":"purchasable","13":"product-type-simple"},"acf":[],"_links":{"self":[{"href":"https:\/\/megacase.com\/fr\/wp-json\/wp\/v2\/product\/232724","targetHints":{"allow":["GET"]}}],"collection":[{"href":"https:\/\/megacase.com\/fr\/wp-json\/wp\/v2\/product"}],"about":[{"href":"https:\/\/megacase.com\/fr\/wp-json\/wp\/v2\/types\/product"}],"wp:featuredmedia":[{"embeddable":true,"href":"https:\/\/megacase.com\/fr\/wp-json\/wp\/v2\/media\/232758"}],"wp:attachment":[{"href":"https:\/\/megacase.com\/fr\/wp-json\/wp\/v2\/media?parent=232724"}],"wp:term":[{"taxonomy":"product_brand","embeddable":true,"href":"https:\/\/megacase.com\/fr\/wp-json\/wp\/v2\/product_brand?post=232724"},{"taxonomy":"product_cat","embeddable":true,"href":"https:\/\/megacase.com\/fr\/wp-json\/wp\/v2\/product_cat?post=232724"},{"taxonomy":"product_tag","embeddable":true,"href":"https:\/\/megacase.com\/fr\/wp-json\/wp\/v2\/product_tag?post=232724"}],"curies":[{"name":"wp","href":"https:\/\/api.w.org\/{rel}","templated":true}]}}