{"id":232628,"date":"2015-01-23T00:00:00","date_gmt":"2015-01-22T23:00:00","guid":{"rendered":"https:\/\/megacase.com\/product\/display-multi-case-75\/"},"modified":"2026-03-26T12:21:44","modified_gmt":"2026-03-26T11:21:44","slug":"display-multi-case-75","status":"publish","type":"product","link":"https:\/\/megacase.com\/fr\/produit\/display-multi-case-75\/","title":{"rendered":"Display Multi Case 75&Prime;"},"content":{"rendered":"<p>Pour 2 \u00e9crans plats de toutes marques jusqu&rsquo;\u00e0 75&Prime;<br \/>\nSupports angulaires pouvant \u00eatre utilis\u00e9s comme guides simples<br \/>\nFixation des \u00e9crans au moyen de supports lat\u00e9raux variables<br \/>\nFixation suppl\u00e9mentaire via les \u0153illets situ\u00e9s au fond et de la sangle fournie<br \/>\nEn multiplex de bouleau de 9 mm<br \/>\nCorni\u00e8res en aluminium profil\u00e9 30 x 30 mm<br \/>\nRembourrage en mousse synth\u00e9tique d&rsquo;env. 20 mm<br \/>\n6 fermetures type papillon<br \/>\n12 poign\u00e9es rabattables<br \/>\nCoins \u00e0 boule<br \/>\n4 roulettes pivotantes 100 mm dont 2 avec freins<br \/>\nDimensions int\u00e9rieures (L x P x H): 1750 x 300 x 980 mm<br \/>\nDimensions ext\u00e9rieures (L x P x H): 2050 x 450 x 1250 mm<br \/>\nPoids: 67 kg<br \/>\nFinition: R\u00e9sine ph\u00e9nolique marron<br \/>\nFabriqu\u00e9 en Allemagne<\/p>\n","protected":false},"excerpt":{"rendered":"<p>Pour 2 \u00e9crans plats de toutes marques jusqu&rsquo;\u00e0 75&Prime; Supports angulaires pouvant \u00eatre utilis\u00e9s comme guides simples Fixation des \u00e9crans<\/p>\n","protected":false},"featured_media":160871,"template":"","meta":{"_acf_changed":false},"product_brand":[],"product_cat":[13690],"product_tag":[],"class_list":{"0":"post-232628","1":"product","2":"type-product","3":"status-publish","4":"has-post-thumbnail","6":"product_cat-display-monitor-fr","8":"first","9":"instock","10":"taxable","11":"shipping-taxable","12":"purchasable","13":"product-type-simple"},"acf":[],"_links":{"self":[{"href":"https:\/\/megacase.com\/fr\/wp-json\/wp\/v2\/product\/232628","targetHints":{"allow":["GET"]}}],"collection":[{"href":"https:\/\/megacase.com\/fr\/wp-json\/wp\/v2\/product"}],"about":[{"href":"https:\/\/megacase.com\/fr\/wp-json\/wp\/v2\/types\/product"}],"wp:featuredmedia":[{"embeddable":true,"href":"https:\/\/megacase.com\/fr\/wp-json\/wp\/v2\/media\/160871"}],"wp:attachment":[{"href":"https:\/\/megacase.com\/fr\/wp-json\/wp\/v2\/media?parent=232628"}],"wp:term":[{"taxonomy":"product_brand","embeddable":true,"href":"https:\/\/megacase.com\/fr\/wp-json\/wp\/v2\/product_brand?post=232628"},{"taxonomy":"product_cat","embeddable":true,"href":"https:\/\/megacase.com\/fr\/wp-json\/wp\/v2\/product_cat?post=232628"},{"taxonomy":"product_tag","embeddable":true,"href":"https:\/\/megacase.com\/fr\/wp-json\/wp\/v2\/product_tag?post=232628"}],"curies":[{"name":"wp","href":"https:\/\/api.w.org\/{rel}","templated":true}]}}