{"id":232624,"date":"2022-04-25T15:06:23","date_gmt":"2022-04-25T13:06:23","guid":{"rendered":"https:\/\/megacase.com\/?post_type=product&#038;p=232624"},"modified":"2026-03-26T13:16:18","modified_gmt":"2026-03-26T12:16:18","slug":"pedalcase-line6-helix-control-2x-ep-1","status":"publish","type":"product","link":"https:\/\/megacase.com\/fr\/produit\/pedalcase-line6-helix-control-2x-ep-1\/","title":{"rendered":"Pedalcase Line6 Helix Control + 2x EP-1"},"content":{"rendered":"<p>Housse de capot assortie pour Line6 Helix Control<br \/>\ny compris 2x Ing\u00e9nierie de mission EP-1<br \/>\nContreplaqu\u00e9 de bouleau de 6,8 mm recouvert de r\u00e9sine ph\u00e9nolique<br \/>\nCouleur marron<br \/>\nChant en aluminium 22&#215;22 mm<br \/>\n4 petits papillons<br \/>\n1 poign\u00e9e de valise<br \/>\n4 balles coin petit<br \/>\n4 coins boule avec petit coin en L int\u00e9gr\u00e9<br \/>\n4 pieds en caoutchouc 38&#215;10 mm<br \/>\nrembourrage en mousse<br \/>\nGoulotte de c\u00e2ble de 12 cm derri\u00e8re l&rsquo;appareil<br \/>\nFabriqu\u00e9 en Allemagne<br \/>\nDimensions ext\u00e9rieures LxPxH : environ 786 x 415 x 145 mm<br \/>\nPoids : environ 6,6 kg<\/p>\n","protected":false},"excerpt":{"rendered":"<p>Housse de capot assortie pour Line6 Helix Control y compris 2x Ing\u00e9nierie de mission EP-1 Contreplaqu\u00e9 de bouleau de 6,8<\/p>\n","protected":false},"featured_media":234156,"template":"","meta":{"_acf_changed":false},"product_brand":[],"product_cat":[15829],"product_tag":[],"class_list":{"0":"post-232624","1":"product","2":"type-product","3":"status-publish","4":"has-post-thumbnail","6":"product_cat-pedalcase-guitar-bass-cases-utilisation","8":"first","9":"instock","10":"taxable","11":"shipping-taxable","12":"purchasable","13":"product-type-simple"},"acf":[],"_links":{"self":[{"href":"https:\/\/megacase.com\/fr\/wp-json\/wp\/v2\/product\/232624","targetHints":{"allow":["GET"]}}],"collection":[{"href":"https:\/\/megacase.com\/fr\/wp-json\/wp\/v2\/product"}],"about":[{"href":"https:\/\/megacase.com\/fr\/wp-json\/wp\/v2\/types\/product"}],"wp:featuredmedia":[{"embeddable":true,"href":"https:\/\/megacase.com\/fr\/wp-json\/wp\/v2\/media\/234156"}],"wp:attachment":[{"href":"https:\/\/megacase.com\/fr\/wp-json\/wp\/v2\/media?parent=232624"}],"wp:term":[{"taxonomy":"product_brand","embeddable":true,"href":"https:\/\/megacase.com\/fr\/wp-json\/wp\/v2\/product_brand?post=232624"},{"taxonomy":"product_cat","embeddable":true,"href":"https:\/\/megacase.com\/fr\/wp-json\/wp\/v2\/product_cat?post=232624"},{"taxonomy":"product_tag","embeddable":true,"href":"https:\/\/megacase.com\/fr\/wp-json\/wp\/v2\/product_tag?post=232624"}],"curies":[{"name":"wp","href":"https:\/\/api.w.org\/{rel}","templated":true}]}}