{"id":231074,"date":"2022-02-08T11:43:19","date_gmt":"2022-02-08T10:43:19","guid":{"rendered":"https:\/\/megacase.com\/product\/case-4x-stairville-led-par-64-cx-3\/"},"modified":"2026-03-26T13:16:18","modified_gmt":"2026-03-26T12:16:18","slug":"case-4x-stairville-led-par-64-cx-3","status":"publish","type":"product","link":"https:\/\/megacase.com\/fr\/produit\/case-4x-stairville-led-par-64-cx-3\/","title":{"rendered":"Case 4x Stairville LED PAR 64 CX-3"},"content":{"rendered":"<p>Bo\u00eetier de poitrine assorti pour Stairville LED PAR 64 CX-3 RGBW 18x8w B<br \/>\nen r\u00e9sine ph\u00e9nolique de contreplaqu\u00e9 de bouleau de 6,8 mm<br \/>\nCouleur marron<br \/>\nChant en aluminium 30&#215;30 mm<br \/>\n2 fermoirs papillon moyen<br \/>\n4 poign\u00e9es pliables moyennes<br \/>\n2 charni\u00e8res verrouillables<br \/>\n8 boules coin moyen<br \/>\n1 cm de mousse en bas<br \/>\n3 cm de mousse alv\u00e9ol\u00e9e dans le couvercle<br \/>\nsubdivision sujet<br \/>\nCompartiment \u00e0 accessoires de 15 cm de large<br \/>\n4 roulettes pivotantes dont 2 avec frein<br \/>\nFabriqu\u00e9 en Allemagne<br \/>\nDimensions ext\u00e9rieures LxPxH : environ 770 x 605 x 640 mm<br \/>\nPoids : environ 25,5 kg<\/p>\n","protected":false},"excerpt":{"rendered":"<p>Bo\u00eetier de poitrine assorti pour Stairville LED PAR 64 CX-3 RGBW 18x8w B en r\u00e9sine ph\u00e9nolique de contreplaqu\u00e9 de bouleau<\/p>\n","protected":false},"featured_media":231027,"template":"","meta":{"_acf_changed":false},"product_brand":[],"product_cat":[15423],"product_tag":[],"class_list":{"0":"post-231074","1":"product","2":"type-product","3":"status-publish","4":"has-post-thumbnail","6":"product_cat-light-equipment-case-utilisation","8":"first","9":"instock","10":"taxable","11":"shipping-taxable","12":"purchasable","13":"product-type-simple"},"acf":[],"_links":{"self":[{"href":"https:\/\/megacase.com\/fr\/wp-json\/wp\/v2\/product\/231074","targetHints":{"allow":["GET"]}}],"collection":[{"href":"https:\/\/megacase.com\/fr\/wp-json\/wp\/v2\/product"}],"about":[{"href":"https:\/\/megacase.com\/fr\/wp-json\/wp\/v2\/types\/product"}],"wp:featuredmedia":[{"embeddable":true,"href":"https:\/\/megacase.com\/fr\/wp-json\/wp\/v2\/media\/231027"}],"wp:attachment":[{"href":"https:\/\/megacase.com\/fr\/wp-json\/wp\/v2\/media?parent=231074"}],"wp:term":[{"taxonomy":"product_brand","embeddable":true,"href":"https:\/\/megacase.com\/fr\/wp-json\/wp\/v2\/product_brand?post=231074"},{"taxonomy":"product_cat","embeddable":true,"href":"https:\/\/megacase.com\/fr\/wp-json\/wp\/v2\/product_cat?post=231074"},{"taxonomy":"product_tag","embeddable":true,"href":"https:\/\/megacase.com\/fr\/wp-json\/wp\/v2\/product_tag?post=231074"}],"curies":[{"name":"wp","href":"https:\/\/api.w.org\/{rel}","templated":true}]}}