{"id":230935,"date":"2022-02-08T10:06:01","date_gmt":"2022-02-08T09:06:01","guid":{"rendered":"https:\/\/megacase.com\/product\/l-rack-16u-45-wheel\/"},"modified":"2026-03-26T13:16:20","modified_gmt":"2026-03-26T12:16:20","slug":"l-rack-16u-45-wheel","status":"publish","type":"product","link":"https:\/\/megacase.com\/fr\/produit\/l-rack-16u-45-wheel\/","title":{"rendered":"L-Rack 16U 45 + Wheel"},"content":{"rendered":"<p>Angle Rack en direct<br \/>\n16 U de hauteur utile<br \/>\nProfondeur d&rsquo;encastrement 45 cm<br \/>\n47 cm de profondeur de corps<br \/>\nen multiplex de bouleau de 6,8 mm recouvert de r\u00e9sine ph\u00e9nolique<br \/>\nCouleur marron<br \/>\nChant en aluminium 25&#215;25 mm<br \/>\n7 papillon moyen \u00e0 ressort<br \/>\n4 poign\u00e9es pliantes moyennes<br \/>\n8 coins sph\u00e9riques en acier moyen<br \/>\nTrappe de service grande<br \/>\nrails de rack r\u00e9glables en haut<br \/>\nRail \u00e0 cr\u00e9maill\u00e8re avec passepoil en caoutchouc<br \/>\njeu de vis<br \/>\n4 roulettes pivotantes dont 2 avec frein<br \/>\nFabriqu\u00e9 en Allemagne<br \/>\nDimensions ext\u00e9rieures LxPxH : environ 555x565x978 mm<br \/>\nPoids : environ 28,5 kg<\/p>\n","protected":false},"excerpt":{"rendered":"<p>Angle Rack en direct 16 U de hauteur utile Profondeur d&rsquo;encastrement 45 cm 47 cm de profondeur de corps en<\/p>\n","protected":false},"featured_media":230884,"template":"","meta":{"_acf_changed":false},"product_brand":[],"product_cat":[13593],"product_tag":[],"class_list":{"0":"post-230935","1":"product","2":"type-product","3":"status-publish","4":"has-post-thumbnail","6":"product_cat-racks-fr","8":"first","9":"instock","10":"taxable","11":"shipping-taxable","12":"purchasable","13":"product-type-simple"},"acf":[],"_links":{"self":[{"href":"https:\/\/megacase.com\/fr\/wp-json\/wp\/v2\/product\/230935","targetHints":{"allow":["GET"]}}],"collection":[{"href":"https:\/\/megacase.com\/fr\/wp-json\/wp\/v2\/product"}],"about":[{"href":"https:\/\/megacase.com\/fr\/wp-json\/wp\/v2\/types\/product"}],"wp:featuredmedia":[{"embeddable":true,"href":"https:\/\/megacase.com\/fr\/wp-json\/wp\/v2\/media\/230884"}],"wp:attachment":[{"href":"https:\/\/megacase.com\/fr\/wp-json\/wp\/v2\/media?parent=230935"}],"wp:term":[{"taxonomy":"product_brand","embeddable":true,"href":"https:\/\/megacase.com\/fr\/wp-json\/wp\/v2\/product_brand?post=230935"},{"taxonomy":"product_cat","embeddable":true,"href":"https:\/\/megacase.com\/fr\/wp-json\/wp\/v2\/product_cat?post=230935"},{"taxonomy":"product_tag","embeddable":true,"href":"https:\/\/megacase.com\/fr\/wp-json\/wp\/v2\/product_tag?post=230935"}],"curies":[{"name":"wp","href":"https:\/\/api.w.org\/{rel}","templated":true}]}}