{"id":230787,"date":"2018-09-26T14:25:59","date_gmt":"2018-09-26T12:25:59","guid":{"rendered":"https:\/\/megacase.com\/product\/haubencase-allen-heath-sq-6-15cm-kk\/"},"modified":"2022-02-03T08:19:01","modified_gmt":"2022-02-03T07:19:01","slug":"haubencase-allen-heath-sq-6-15cm-kk","status":"publish","type":"product","link":"https:\/\/megacase.com\/fr\/produit\/haubencase-allen-heath-sq-6-15cm-kk\/","title":{"rendered":"Flightcase A&#038;H SQ-6"},"content":{"rendered":"<p>Housse de capot assortie pour un Allen &amp; Heath SQ6<br \/>\nFabriqu\u00e9 en multiplex de bouleau de 6,8 mm enduit de r\u00e9sine ph\u00e9nolique<br \/>\nCouleur marron<br \/>\nChant en aluminium 30&#215;30 mm<br \/>\n4 fermoir papillon moyen,<br \/>\n4 poign\u00e9es rabattables moyennes,<br \/>\n8 coins boule acier moyen,<br \/>\nL&rsquo;appareil peut \u00eatre utilis\u00e9 dans la partie inf\u00e9rieure<br \/>\nPassage de c\u00e2ble d&rsquo;environ 15 cm derri\u00e8re les raccordements.<br \/>\nrembourrage en mousse<br \/>\nFabriqu\u00e9 en Allemagne<br \/>\nDimensions ext\u00e9rieures LxPxH 710x705x285 mm<br \/>\nPoids : 12,8 kg<\/p>\n","protected":false},"excerpt":{"rendered":"<p>Housse de capot assortie pour un Allen &amp; Heath SQ6 Fabriqu\u00e9 en multiplex de bouleau de 6,8 mm enduit de<\/p>\n","protected":false},"featured_media":120351,"template":"","meta":{"_acf_changed":false},"product_brand":[],"product_cat":[13828],"product_tag":[],"class_list":{"0":"post-230787","1":"product","2":"type-product","3":"status-publish","4":"has-post-thumbnail","6":"product_cat-mischpult-cases-fr","8":"first","9":"instock","10":"taxable","11":"shipping-taxable","12":"purchasable","13":"product-type-simple"},"acf":[],"_links":{"self":[{"href":"https:\/\/megacase.com\/fr\/wp-json\/wp\/v2\/product\/230787","targetHints":{"allow":["GET"]}}],"collection":[{"href":"https:\/\/megacase.com\/fr\/wp-json\/wp\/v2\/product"}],"about":[{"href":"https:\/\/megacase.com\/fr\/wp-json\/wp\/v2\/types\/product"}],"wp:featuredmedia":[{"embeddable":true,"href":"https:\/\/megacase.com\/fr\/wp-json\/wp\/v2\/media\/120351"}],"wp:attachment":[{"href":"https:\/\/megacase.com\/fr\/wp-json\/wp\/v2\/media?parent=230787"}],"wp:term":[{"taxonomy":"product_brand","embeddable":true,"href":"https:\/\/megacase.com\/fr\/wp-json\/wp\/v2\/product_brand?post=230787"},{"taxonomy":"product_cat","embeddable":true,"href":"https:\/\/megacase.com\/fr\/wp-json\/wp\/v2\/product_cat?post=230787"},{"taxonomy":"product_tag","embeddable":true,"href":"https:\/\/megacase.com\/fr\/wp-json\/wp\/v2\/product_tag?post=230787"}],"curies":[{"name":"wp","href":"https:\/\/api.w.org\/{rel}","templated":true}]}}