{"id":230420,"date":"2022-01-18T17:05:50","date_gmt":"2022-01-18T16:05:50","guid":{"rendered":"https:\/\/megacase.com\/product\/flightcase-ketron-sd-90\/"},"modified":"2026-03-26T13:16:20","modified_gmt":"2026-03-26T12:16:20","slug":"flightcase-ketron-sd-90","status":"publish","type":"product","link":"https:\/\/megacase.com\/fr\/produit\/flightcase-ketron-sd-90\/","title":{"rendered":"Flightcase Ketron SD-90"},"content":{"rendered":"<p>\u00c9tui de capot assorti pour un K\u00e9tron SD-90<br \/>\n\u00e0 partir de 6,8 mm de r\u00e9sine ph\u00e9nolique multiplex de bouleau enrocie<br \/>\nCouleur marron<br \/>\n22&#215;22 mm Alukante<br \/>\n2 fermetures de papillon petit<br \/>\n1 poign\u00e9e de valise<br \/>\n4 coin balle petit<br \/>\n4 coins de la balle avec un coin l coin<br \/>\n4 pied en caoutchouc 38&#215;10 mm<br \/>\n10cm place derri\u00e8re K\u00e9tron<br \/>\nRembourrage en mousse<br \/>\nFabriqu\u00e9 en Allemagne<br \/>\nDimensions ext\u00e9rieures LxPxH: env. 496 x 360 x 174 mm<br \/>\nPoids: env. 4,7 kg<\/p>\n","protected":false},"excerpt":{"rendered":"<p>\u00c9tui de capot assorti pour un K\u00e9tron SD-90 \u00e0 partir de 6,8 mm de r\u00e9sine ph\u00e9nolique multiplex de bouleau enrocie<\/p>\n","protected":false},"featured_media":230405,"template":"","meta":{"_acf_changed":false},"product_brand":[],"product_cat":[13787],"product_tag":[],"class_list":{"0":"post-230420","1":"product","2":"type-product","3":"status-publish","4":"has-post-thumbnail","6":"product_cat-keyboard-cases-fr","8":"first","9":"instock","10":"taxable","11":"shipping-taxable","12":"purchasable","13":"product-type-simple"},"acf":[],"_links":{"self":[{"href":"https:\/\/megacase.com\/fr\/wp-json\/wp\/v2\/product\/230420","targetHints":{"allow":["GET"]}}],"collection":[{"href":"https:\/\/megacase.com\/fr\/wp-json\/wp\/v2\/product"}],"about":[{"href":"https:\/\/megacase.com\/fr\/wp-json\/wp\/v2\/types\/product"}],"wp:featuredmedia":[{"embeddable":true,"href":"https:\/\/megacase.com\/fr\/wp-json\/wp\/v2\/media\/230405"}],"wp:attachment":[{"href":"https:\/\/megacase.com\/fr\/wp-json\/wp\/v2\/media?parent=230420"}],"wp:term":[{"taxonomy":"product_brand","embeddable":true,"href":"https:\/\/megacase.com\/fr\/wp-json\/wp\/v2\/product_brand?post=230420"},{"taxonomy":"product_cat","embeddable":true,"href":"https:\/\/megacase.com\/fr\/wp-json\/wp\/v2\/product_cat?post=230420"},{"taxonomy":"product_tag","embeddable":true,"href":"https:\/\/megacase.com\/fr\/wp-json\/wp\/v2\/product_tag?post=230420"}],"curies":[{"name":"wp","href":"https:\/\/api.w.org\/{rel}","templated":true}]}}