{"id":230366,"date":"2022-01-18T14:29:46","date_gmt":"2022-01-18T13:29:46","guid":{"rendered":"https:\/\/megacase.com\/product\/flightcase-cameo-ts-40-half-coupler-6in1\/"},"modified":"2026-03-26T13:16:20","modified_gmt":"2026-03-26T12:16:20","slug":"flightcase-cameo-ts-40-half-coupler-6in1","status":"publish","type":"product","link":"https:\/\/megacase.com\/fr\/produit\/flightcase-cameo-ts-40-half-coupler-6in1\/","title":{"rendered":"Flightcase Cameo TS-40 + Half Coupler 6in1"},"content":{"rendered":"<p>Assortiment Truh Case pour six Cameo TS-40 WW avec demi-couple mont\u00e9<br \/>\nLes projecteurs sont plac\u00e9s debout dans une incrustation de mousse<br \/>\nDerri\u00e8re les torbli\u00e8res incl. Un compartiment pour Safetys<br \/>\n\u00c0 partir de 6,8 mm Multiplex Birch PVC enduit<br \/>\nCouleur: choisissez librement<br \/>\n30&#215;30 mm Alukante<br \/>\n2 Moyen papillon<br \/>\n8 moyens de grip pliants<br \/>\n2 charni\u00e8res de verrouillage gros<br \/>\n8 coins de la boule d&rsquo;acier moyen<br \/>\n4 roulettes d&rsquo;entre eux ont frein\u00e9 2<br \/>\nRembourrage en mousse<br \/>\nFabriqu\u00e9 en Allemagne<br \/>\nDimensions externes LxPxH: env. 800x600x635 mm<br \/>\nPoids: 25,9 kg<\/p>\n<p>Si vous commandez, veuillez sp\u00e9cifier la couleur d\u00e9sir\u00e9e dans le champ de commentaire<\/p>\n","protected":false},"excerpt":{"rendered":"<p>Assortiment Truh Case pour six Cameo TS-40 WW avec demi-couple mont\u00e9 Les projecteurs sont plac\u00e9s debout dans une incrustation de<\/p>\n","protected":false},"featured_media":230339,"template":"","meta":{"_acf_changed":false},"product_brand":[],"product_cat":[15423],"product_tag":[],"class_list":{"0":"post-230366","1":"product","2":"type-product","3":"status-publish","4":"has-post-thumbnail","6":"product_cat-light-equipment-case-utilisation","8":"first","9":"instock","10":"taxable","11":"shipping-taxable","12":"purchasable","13":"product-type-simple"},"acf":[],"_links":{"self":[{"href":"https:\/\/megacase.com\/fr\/wp-json\/wp\/v2\/product\/230366","targetHints":{"allow":["GET"]}}],"collection":[{"href":"https:\/\/megacase.com\/fr\/wp-json\/wp\/v2\/product"}],"about":[{"href":"https:\/\/megacase.com\/fr\/wp-json\/wp\/v2\/types\/product"}],"wp:featuredmedia":[{"embeddable":true,"href":"https:\/\/megacase.com\/fr\/wp-json\/wp\/v2\/media\/230339"}],"wp:attachment":[{"href":"https:\/\/megacase.com\/fr\/wp-json\/wp\/v2\/media?parent=230366"}],"wp:term":[{"taxonomy":"product_brand","embeddable":true,"href":"https:\/\/megacase.com\/fr\/wp-json\/wp\/v2\/product_brand?post=230366"},{"taxonomy":"product_cat","embeddable":true,"href":"https:\/\/megacase.com\/fr\/wp-json\/wp\/v2\/product_cat?post=230366"},{"taxonomy":"product_tag","embeddable":true,"href":"https:\/\/megacase.com\/fr\/wp-json\/wp\/v2\/product_tag?post=230366"}],"curies":[{"name":"wp","href":"https:\/\/api.w.org\/{rel}","templated":true}]}}