{"id":229129,"date":"2021-11-22T15:28:29","date_gmt":"2021-11-22T14:28:29","guid":{"rendered":"https:\/\/megacase.com\/product\/flightcase-yamaha-mox-8\/"},"modified":"2026-03-26T13:16:22","modified_gmt":"2026-03-26T12:16:22","slug":"flightcase-yamaha-mox-8","status":"publish","type":"product","link":"https:\/\/megacase.com\/fr\/produit\/flightcase-yamaha-mox-8\/","title":{"rendered":"Flightcase Yamaha MOX 8"},"content":{"rendered":"<p>Pour Yamaha MOX 8 \/ MOXF 8<br \/>\nEn mati\u00e8re plastique alv\u00e9olaire noire 7 mm<br \/>\n30% plus l\u00e9ger qu&rsquo;un flight case en bois<br \/>\nCorni\u00e8res en aluminium profil\u00e9 30 x 30 mm<br \/>\nRembourrage en mousse synth\u00e9tique<br \/>\n2 fermetures type papillon<br \/>\n1 fermeture grenouille<br \/>\n3 charni\u00e8res<br \/>\nCoins \u00e0 boule<br \/>\n1 poign\u00e9e en simili-cuir<br \/>\n2 poign\u00e9es rabattables<br \/>\nDimensions: env. 1385 x 510 x 235 mm<br \/>\nPoids: env. 11,3 kg<br \/>\nFabriqu\u00e9 en Allemagne<\/p>\n","protected":false},"excerpt":{"rendered":"<p>Pour Yamaha MOX 8 \/ MOXF 8 En mati\u00e8re plastique alv\u00e9olaire noire 7 mm 30% plus l\u00e9ger qu&rsquo;un flight case<\/p>\n","protected":false},"featured_media":229110,"template":"","meta":{"_acf_changed":false},"product_brand":[],"product_cat":[13787],"product_tag":[],"class_list":{"0":"post-229129","1":"product","2":"type-product","3":"status-publish","4":"has-post-thumbnail","6":"product_cat-keyboard-cases-fr","8":"first","9":"instock","10":"taxable","11":"shipping-taxable","12":"purchasable","13":"product-type-simple"},"acf":[],"_links":{"self":[{"href":"https:\/\/megacase.com\/fr\/wp-json\/wp\/v2\/product\/229129","targetHints":{"allow":["GET"]}}],"collection":[{"href":"https:\/\/megacase.com\/fr\/wp-json\/wp\/v2\/product"}],"about":[{"href":"https:\/\/megacase.com\/fr\/wp-json\/wp\/v2\/types\/product"}],"wp:featuredmedia":[{"embeddable":true,"href":"https:\/\/megacase.com\/fr\/wp-json\/wp\/v2\/media\/229110"}],"wp:attachment":[{"href":"https:\/\/megacase.com\/fr\/wp-json\/wp\/v2\/media?parent=229129"}],"wp:term":[{"taxonomy":"product_brand","embeddable":true,"href":"https:\/\/megacase.com\/fr\/wp-json\/wp\/v2\/product_brand?post=229129"},{"taxonomy":"product_cat","embeddable":true,"href":"https:\/\/megacase.com\/fr\/wp-json\/wp\/v2\/product_cat?post=229129"},{"taxonomy":"product_tag","embeddable":true,"href":"https:\/\/megacase.com\/fr\/wp-json\/wp\/v2\/product_tag?post=229129"}],"curies":[{"name":"wp","href":"https:\/\/api.w.org\/{rel}","templated":true}]}}