{"id":229105,"date":"2016-09-07T00:00:00","date_gmt":"2016-09-06T22:00:00","guid":{"rendered":"https:\/\/megacase.com\/product\/16he-live-dj-table-rack-mk-ii\/"},"modified":"2026-03-26T12:21:35","modified_gmt":"2026-03-26T11:21:35","slug":"16he-live-dj-table-rack-mk-ii","status":"publish","type":"product","link":"https:\/\/megacase.com\/fr\/produit\/16he-live-dj-table-rack-mk-ii\/","title":{"rendered":"16HE Live DJ Table Rack MK II"},"content":{"rendered":"<p>Pour amplificateur 19&Prime;, double lecteur CD 19&Prime;, console de mixage 19&Prime; et contr\u00f4leur CD 19&Prime;<br \/>\nRails droits 16U en face avant de la partie inf\u00e9rieure pour amplificateur, lecteur CD, etc<br \/>\nRails inclin\u00e9s 8U pour console de mixage<br \/>\nRails l\u00e9g\u00e8rement inclin\u00e9s 4U en face avant de la partie sup\u00e9rieure pour contr\u00f4leur CD<br \/>\nTrappe de service en face arri\u00e8re sur partie inf\u00e9rieure 350 x 450 mm<br \/>\nTrappe de service en face arri\u00e8re sur partie sup\u00e9rieure 350 x 120 mm<br \/>\nFixations pour montage du couvercle sur le cot\u00e9 du rack (utilisation comme table)<br \/>\nEn contreplaqu\u00e9 de bouleau 7 mm<br \/>\nCorni\u00e8res en profil\u00e9 aluminium 25 x 25 mm<br \/>\n6 fermetures type papillon<br \/>\n4 poign\u00e9es r\u00e9tractables<br \/>\n4 roulettes pivotantes dont 2 avec frein<br \/>\nCoins plats en acier<br \/>\nProfondeur utile: 520 mm<br \/>\nRails de fixation type glissi\u00e8re<br \/>\njoints en caoutchouc<br \/>\nVis de fixation fournies<br \/>\nDimensions ext\u00e9rieures: environ 545 x 1177 x 655 mm<br \/>\nPoids: environ 38,5 kg<br \/>\nFabriqu\u00e9 en Allemagne<\/p>\n","protected":false},"excerpt":{"rendered":"<p>Pour amplificateur 19&Prime;, double lecteur CD 19&Prime;, console de mixage 19&Prime; et contr\u00f4leur CD 19&Prime; Rails droits 16U en face<\/p>\n","protected":false},"featured_media":229094,"template":"","meta":{"_acf_changed":false},"product_brand":[],"product_cat":[13593,13730],"product_tag":[],"class_list":{"0":"post-229105","1":"product","2":"type-product","3":"status-publish","4":"has-post-thumbnail","6":"product_cat-racks-fr","7":"product_cat-dj-cases-fr","9":"first","10":"instock","11":"taxable","12":"shipping-taxable","13":"purchasable","14":"product-type-simple"},"acf":[],"_links":{"self":[{"href":"https:\/\/megacase.com\/fr\/wp-json\/wp\/v2\/product\/229105","targetHints":{"allow":["GET"]}}],"collection":[{"href":"https:\/\/megacase.com\/fr\/wp-json\/wp\/v2\/product"}],"about":[{"href":"https:\/\/megacase.com\/fr\/wp-json\/wp\/v2\/types\/product"}],"wp:featuredmedia":[{"embeddable":true,"href":"https:\/\/megacase.com\/fr\/wp-json\/wp\/v2\/media\/229094"}],"wp:attachment":[{"href":"https:\/\/megacase.com\/fr\/wp-json\/wp\/v2\/media?parent=229105"}],"wp:term":[{"taxonomy":"product_brand","embeddable":true,"href":"https:\/\/megacase.com\/fr\/wp-json\/wp\/v2\/product_brand?post=229105"},{"taxonomy":"product_cat","embeddable":true,"href":"https:\/\/megacase.com\/fr\/wp-json\/wp\/v2\/product_cat?post=229105"},{"taxonomy":"product_tag","embeddable":true,"href":"https:\/\/megacase.com\/fr\/wp-json\/wp\/v2\/product_tag?post=229105"}],"curies":[{"name":"wp","href":"https:\/\/api.w.org\/{rel}","templated":true}]}}