{"id":228976,"date":"2021-11-22T15:05:03","date_gmt":"2021-11-22T14:05:03","guid":{"rendered":"https:\/\/megacase.com\/product\/10u-studio-rack-eco-38\/"},"modified":"2026-04-09T13:18:50","modified_gmt":"2026-04-09T11:18:50","slug":"10u-studio-rack-eco-38","status":"publish","type":"product","link":"https:\/\/megacase.com\/fr\/produit\/10u-studio-rack-eco-38\/","title":{"rendered":"10U Studio Rack Eco 38"},"content":{"rendered":"<p>Support d&rsquo;atelier<br \/>\nHauteur d&rsquo;installation : 10U<br \/>\nProfondeur du corps : 40 cm<br \/>\nProfondeur d&rsquo;installation : 38,7 cm<br \/>\ncontreplaqu\u00e9 de 6,5 mm<br \/>\nProfil\u00e9 aluminium 30&#215;30 mm<br \/>\nProfil de 7 mm<br \/>\n4 pieds en caoutchouc 38 x 20 mm<br \/>\nrail de cr\u00e9maill\u00e8re en continu avec mat\u00e9riel de fixation<br \/>\nFabriqu\u00e9 en Allemagne<br \/>\nDimensions ext\u00e9rieures LxPxH 525x410x495 mm<br \/>\nPoids : 5,5 kg<\/p>\n","protected":false},"excerpt":{"rendered":"<p>Support d&rsquo;atelier Hauteur d&rsquo;installation : 10U Profondeur du corps : 40 cm Profondeur d&rsquo;installation : 38,7 cm contreplaqu\u00e9 de 6,5<\/p>\n","protected":false},"featured_media":228961,"template":"","meta":{"_acf_changed":false},"product_brand":[],"product_cat":[13593],"product_tag":[],"class_list":{"0":"post-228976","1":"product","2":"type-product","3":"status-publish","4":"has-post-thumbnail","6":"product_cat-racks-fr","8":"first","9":"instock","10":"taxable","11":"shipping-taxable","12":"purchasable","13":"product-type-simple"},"acf":[],"_links":{"self":[{"href":"https:\/\/megacase.com\/fr\/wp-json\/wp\/v2\/product\/228976","targetHints":{"allow":["GET"]}}],"collection":[{"href":"https:\/\/megacase.com\/fr\/wp-json\/wp\/v2\/product"}],"about":[{"href":"https:\/\/megacase.com\/fr\/wp-json\/wp\/v2\/types\/product"}],"wp:featuredmedia":[{"embeddable":true,"href":"https:\/\/megacase.com\/fr\/wp-json\/wp\/v2\/media\/228961"}],"wp:attachment":[{"href":"https:\/\/megacase.com\/fr\/wp-json\/wp\/v2\/media?parent=228976"}],"wp:term":[{"taxonomy":"product_brand","embeddable":true,"href":"https:\/\/megacase.com\/fr\/wp-json\/wp\/v2\/product_brand?post=228976"},{"taxonomy":"product_cat","embeddable":true,"href":"https:\/\/megacase.com\/fr\/wp-json\/wp\/v2\/product_cat?post=228976"},{"taxonomy":"product_tag","embeddable":true,"href":"https:\/\/megacase.com\/fr\/wp-json\/wp\/v2\/product_tag?post=228976"}],"curies":[{"name":"wp","href":"https:\/\/api.w.org\/{rel}","templated":true}]}}