{"id":228888,"date":"2021-11-22T14:49:37","date_gmt":"2021-11-22T13:49:37","guid":{"rendered":"https:\/\/megacase.com\/product\/case-harley-benton-db02-electric-double-bass\/"},"modified":"2026-03-26T13:16:24","modified_gmt":"2026-03-26T12:16:24","slug":"case-harley-benton-db02-electric-double-bass","status":"publish","type":"product","link":"https:\/\/megacase.com\/fr\/produit\/case-harley-benton-db02-electric-double-bass\/","title":{"rendered":"Case Harley Benton DB02 Electric Double Bass"},"content":{"rendered":"<p>Cas de transport assorti pour une double basse \u00e9lectrique Harley Benton DB02<br \/>\n\u00e0 partir de 6,8 mm de r\u00e9sine ph\u00e9nolique multiplex de bouleau enrob\u00e9<br \/>\nCouleur marron<br \/>\n30 x 30 mm d&rsquo;aluminium<br \/>\n2 verrouillons de papillon moyen<br \/>\n2 poign\u00e9es pliantes moyennes<br \/>\n3 charni\u00e8res de verrouillage<br \/>\n8 coins de la balle moyenne<br \/>\nRembourrage en mousse<br \/>\nFabriqu\u00e9 en Allemagne<br \/>\nDimensions ext\u00e9rieures LxPxH env.: 1795 x 385 x 310 mm<br \/>\nPoids environ 21.2 kg<\/p>\n","protected":false},"excerpt":{"rendered":"<p>Cas de transport assorti pour une double basse \u00e9lectrique Harley Benton DB02 \u00e0 partir de 6,8 mm de r\u00e9sine ph\u00e9nolique<\/p>\n","protected":false},"featured_media":228873,"template":"","meta":{"_acf_changed":false},"product_brand":[],"product_cat":[15301],"product_tag":[],"class_list":{"0":"post-228888","1":"product","2":"type-product","3":"status-publish","4":"has-post-thumbnail","6":"product_cat-guitar-bass-cases-utilisation","8":"first","9":"instock","10":"taxable","11":"shipping-taxable","12":"purchasable","13":"product-type-simple"},"acf":[],"_links":{"self":[{"href":"https:\/\/megacase.com\/fr\/wp-json\/wp\/v2\/product\/228888","targetHints":{"allow":["GET"]}}],"collection":[{"href":"https:\/\/megacase.com\/fr\/wp-json\/wp\/v2\/product"}],"about":[{"href":"https:\/\/megacase.com\/fr\/wp-json\/wp\/v2\/types\/product"}],"wp:featuredmedia":[{"embeddable":true,"href":"https:\/\/megacase.com\/fr\/wp-json\/wp\/v2\/media\/228873"}],"wp:attachment":[{"href":"https:\/\/megacase.com\/fr\/wp-json\/wp\/v2\/media?parent=228888"}],"wp:term":[{"taxonomy":"product_brand","embeddable":true,"href":"https:\/\/megacase.com\/fr\/wp-json\/wp\/v2\/product_brand?post=228888"},{"taxonomy":"product_cat","embeddable":true,"href":"https:\/\/megacase.com\/fr\/wp-json\/wp\/v2\/product_cat?post=228888"},{"taxonomy":"product_tag","embeddable":true,"href":"https:\/\/megacase.com\/fr\/wp-json\/wp\/v2\/product_tag?post=228888"}],"curies":[{"name":"wp","href":"https:\/\/api.w.org\/{rel}","templated":true}]}}