{"id":228824,"date":"2021-11-22T14:44:56","date_gmt":"2021-11-22T13:44:56","guid":{"rendered":"https:\/\/megacase.com\/product\/flightcase-digico-stagebox-a168-i-o\/"},"modified":"2026-03-26T13:16:24","modified_gmt":"2026-03-26T12:16:24","slug":"flightcase-digico-stagebox-a168-i-o","status":"publish","type":"product","link":"https:\/\/megacase.com\/fr\/produit\/flightcase-digico-stagebox-a168-i-o\/","title":{"rendered":"Flightcase DiGiCo Stagebox A168 i\/o"},"content":{"rendered":"<p>Etui assorti pour un bo\u00eetier de sc\u00e8ne digiCo A168 i\/o<br \/>\nFabriqu\u00e9 en contreplaqu\u00e9 de bouleau de 6,8 mm, enduit de noir<br \/>\nBord en aluminium 25&#215;25 mm,<br \/>\n1 serrure papillon moyenne,<br \/>\n2 grandes charni\u00e8res verrouillables<br \/>\n1 poign\u00e9e rabattable m\u00e9dium dans le couvercle sup\u00e9rieur,<br \/>\n4 coins boules moyen,<br \/>\n4 coins sph\u00e9riques avec coin en L moyen,<br \/>\nMousse<br \/>\nDimensions ext\u00e9rieures LxPxH : environ 320 x 257 x 514 mm<br \/>\nPoids : 5,9 kg<br \/>\nFabriqu\u00e9 en Allemagne<\/p>\n","protected":false},"excerpt":{"rendered":"<p>Etui assorti pour un bo\u00eetier de sc\u00e8ne digiCo A168 i\/o Fabriqu\u00e9 en contreplaqu\u00e9 de bouleau de 6,8 mm, enduit de<\/p>\n","protected":false},"featured_media":228797,"template":"","meta":{"_acf_changed":false},"product_brand":[],"product_cat":[15903],"product_tag":[],"class_list":{"0":"post-228824","1":"product","2":"type-product","3":"status-publish","4":"has-post-thumbnail","6":"product_cat-case-for-pa-accessory-utilisation","8":"first","9":"instock","10":"taxable","11":"shipping-taxable","12":"purchasable","13":"product-type-simple"},"acf":[],"_links":{"self":[{"href":"https:\/\/megacase.com\/fr\/wp-json\/wp\/v2\/product\/228824","targetHints":{"allow":["GET"]}}],"collection":[{"href":"https:\/\/megacase.com\/fr\/wp-json\/wp\/v2\/product"}],"about":[{"href":"https:\/\/megacase.com\/fr\/wp-json\/wp\/v2\/types\/product"}],"wp:featuredmedia":[{"embeddable":true,"href":"https:\/\/megacase.com\/fr\/wp-json\/wp\/v2\/media\/228797"}],"wp:attachment":[{"href":"https:\/\/megacase.com\/fr\/wp-json\/wp\/v2\/media?parent=228824"}],"wp:term":[{"taxonomy":"product_brand","embeddable":true,"href":"https:\/\/megacase.com\/fr\/wp-json\/wp\/v2\/product_brand?post=228824"},{"taxonomy":"product_cat","embeddable":true,"href":"https:\/\/megacase.com\/fr\/wp-json\/wp\/v2\/product_cat?post=228824"},{"taxonomy":"product_tag","embeddable":true,"href":"https:\/\/megacase.com\/fr\/wp-json\/wp\/v2\/product_tag?post=228824"}],"curies":[{"name":"wp","href":"https:\/\/api.w.org\/{rel}","templated":true}]}}