{"id":228783,"date":"2021-11-22T14:40:30","date_gmt":"2021-11-22T13:40:30","guid":{"rendered":"https:\/\/megacase.com\/product\/accessory-case-110-x-40-x-40-wheel\/"},"modified":"2026-03-26T13:16:24","modified_gmt":"2026-03-26T12:16:24","slug":"accessory-case-110-x-40-x-40-wheel","status":"publish","type":"product","link":"https:\/\/megacase.com\/fr\/produit\/accessory-case-110-x-40-x-40-wheel\/","title":{"rendered":"Accessory Case 110 x 40 x 40 + wheel"},"content":{"rendered":"<p>Coffret aux dimensions int\u00e9rieures de 110 x 40 x 40 cm<br \/>\nEnduit de r\u00e9sine ph\u00e9nolique multiplex de bouleau de 6,5 mm<br \/>\nCouleur marron<br \/>\nBord en aluminium 30x30mm,<br \/>\n2 serrures papillon \u00e0 ressort<br \/>\n2 poign\u00e9es rabattables<br \/>\n8 coins \u00e0 billes en acier<br \/>\nVerrouillage des charni\u00e8res.<br \/>\n4 roulettes pivotantes 100 mm \/ 2 frein\u00e9es<br \/>\nFabriqu\u00e9 en Allemagne<br \/>\nDimensions ext\u00e9rieures LxPxH 1145x440x590 mm<br \/>\nPoids 14,2 kg<\/p>\n","protected":false},"excerpt":{"rendered":"<p>Coffret aux dimensions int\u00e9rieures de 110 x 40 x 40 cm Enduit de r\u00e9sine ph\u00e9nolique multiplex de bouleau de 6,5<\/p>\n","protected":false},"featured_media":228772,"template":"","meta":{"_acf_changed":false},"product_brand":[],"product_cat":[13693],"product_tag":[],"class_list":{"0":"post-228783","1":"product","2":"type-product","3":"status-publish","4":"has-post-thumbnail","6":"product_cat-truhen-cases-fr","8":"first","9":"instock","10":"taxable","11":"shipping-taxable","12":"purchasable","13":"product-type-simple"},"acf":[],"_links":{"self":[{"href":"https:\/\/megacase.com\/fr\/wp-json\/wp\/v2\/product\/228783","targetHints":{"allow":["GET"]}}],"collection":[{"href":"https:\/\/megacase.com\/fr\/wp-json\/wp\/v2\/product"}],"about":[{"href":"https:\/\/megacase.com\/fr\/wp-json\/wp\/v2\/types\/product"}],"wp:featuredmedia":[{"embeddable":true,"href":"https:\/\/megacase.com\/fr\/wp-json\/wp\/v2\/media\/228772"}],"wp:attachment":[{"href":"https:\/\/megacase.com\/fr\/wp-json\/wp\/v2\/media?parent=228783"}],"wp:term":[{"taxonomy":"product_brand","embeddable":true,"href":"https:\/\/megacase.com\/fr\/wp-json\/wp\/v2\/product_brand?post=228783"},{"taxonomy":"product_cat","embeddable":true,"href":"https:\/\/megacase.com\/fr\/wp-json\/wp\/v2\/product_cat?post=228783"},{"taxonomy":"product_tag","embeddable":true,"href":"https:\/\/megacase.com\/fr\/wp-json\/wp\/v2\/product_tag?post=228783"}],"curies":[{"name":"wp","href":"https:\/\/api.w.org\/{rel}","templated":true}]}}