{"id":228743,"date":"2021-11-22T14:34:05","date_gmt":"2021-11-22T13:34:05","guid":{"rendered":"https:\/\/megacase.com\/product\/flightcase-hartke-hd508\/"},"modified":"2026-03-26T13:16:25","modified_gmt":"2026-03-26T12:16:25","slug":"flightcase-hartke-hd508","status":"publish","type":"product","link":"https:\/\/megacase.com\/fr\/produit\/flightcase-hartke-hd508\/","title":{"rendered":"Flightcase Hartke HD508"},"content":{"rendered":"<p>Housse de capot assortie pour combo basse Hartke HD508<br \/>\nCombo s&rsquo;ins\u00e8re dans le bo\u00eetier avec les roulettes mont\u00e9es<br \/>\nEnduit de r\u00e9sine ph\u00e9nolique multiplex de bouleau de 6,8 mm<br \/>\nCouleur marron<br \/>\nBord en aluminium 30 x 30 mm<br \/>\n2 grandes serrures papillon<br \/>\n2 poign\u00e9es rabattables m\u00e9dium<br \/>\n8 coins sph\u00e9riques moyens<br \/>\n4 roulettes pivotantes dont 2 frein\u00e9es<br \/>\nRembourrage en mousse<br \/>\nFabriqu\u00e9 en Allemagne<br \/>\nDimensions ext\u00e9rieures LxPxH : environ 576 x 380 x 850 mm<br \/>\nPoids : environ 18,8 kg<\/p>\n","protected":false},"excerpt":{"rendered":"<p>Housse de capot assortie pour combo basse Hartke HD508 Combo s&rsquo;ins\u00e8re dans le bo\u00eetier avec les roulettes mont\u00e9es Enduit de<\/p>\n","protected":false},"featured_media":228688,"template":"","meta":{"_acf_changed":false},"product_brand":[],"product_cat":[13589],"product_tag":[],"class_list":{"0":"post-228743","1":"product","2":"type-product","3":"status-publish","4":"has-post-thumbnail","6":"product_cat-amp-cases-fr","8":"first","9":"instock","10":"taxable","11":"shipping-taxable","12":"purchasable","13":"product-type-simple"},"acf":[],"_links":{"self":[{"href":"https:\/\/megacase.com\/fr\/wp-json\/wp\/v2\/product\/228743","targetHints":{"allow":["GET"]}}],"collection":[{"href":"https:\/\/megacase.com\/fr\/wp-json\/wp\/v2\/product"}],"about":[{"href":"https:\/\/megacase.com\/fr\/wp-json\/wp\/v2\/types\/product"}],"wp:featuredmedia":[{"embeddable":true,"href":"https:\/\/megacase.com\/fr\/wp-json\/wp\/v2\/media\/228688"}],"wp:attachment":[{"href":"https:\/\/megacase.com\/fr\/wp-json\/wp\/v2\/media?parent=228743"}],"wp:term":[{"taxonomy":"product_brand","embeddable":true,"href":"https:\/\/megacase.com\/fr\/wp-json\/wp\/v2\/product_brand?post=228743"},{"taxonomy":"product_cat","embeddable":true,"href":"https:\/\/megacase.com\/fr\/wp-json\/wp\/v2\/product_cat?post=228743"},{"taxonomy":"product_tag","embeddable":true,"href":"https:\/\/megacase.com\/fr\/wp-json\/wp\/v2\/product_tag?post=228743"}],"curies":[{"name":"wp","href":"https:\/\/api.w.org\/{rel}","templated":true}]}}