{"id":228639,"date":"2021-11-22T14:22:27","date_gmt":"2021-11-22T13:22:27","guid":{"rendered":"https:\/\/megacase.com\/product\/flightcase-dap-audio-core-club\/"},"modified":"2026-03-26T13:16:25","modified_gmt":"2026-03-26T12:16:25","slug":"flightcase-dap-audio-core-club","status":"publish","type":"product","link":"https:\/\/megacase.com\/fr\/produit\/flightcase-dap-audio-core-club\/","title":{"rendered":"Flightcase DAP-Audio CORE Club"},"content":{"rendered":"<p>Flight-case assorti pour table de mixage DJ DAP-Audio CORE Club<br \/>\nen bouleau multiplex de 6,8 mm rev\u00eatu de PVC<br \/>\nCouleur : <a href=\"https:\/\/megacase.com\/fr\/farben-beschichtungen\/\">librement s\u00e9lectionnable<\/a><br \/>\nBord en aluminium 25 x 25 mm<br \/>\n1 poign\u00e9e de valise<br \/>\n2 chapeaux de beurre moyens<br \/>\n8 coins sph\u00e9riques moyens<br \/>\n4 pieds en caoutchouc 25 x 15 mm<br \/>\nRembourrage en mousse<br \/>\nEspace de 10 cm \u00e0 l&rsquo;arri\u00e8re<br \/>\nL&rsquo;appareil peut \u00eatre utilis\u00e9 dans la partie inf\u00e9rieure<br \/>\nFabriqu\u00e9 en Allemagne<br \/>\nDimensions ext\u00e9rieures LxPxH environ : 355 x 520 x 175 mm<br \/>\nPoids environ : 5,2 kg<\/p>\n<p>Si vous commandez, veuillez sp\u00e9cifier la couleur d\u00e9sir\u00e9e dans le champ de commentaire<\/p>\n","protected":false},"excerpt":{"rendered":"<p>Flight-case assorti pour table de mixage DJ DAP-Audio CORE Club en bouleau multiplex de 6,8 mm rev\u00eatu de PVC Couleur<\/p>\n","protected":false},"featured_media":228580,"template":"","meta":{"_acf_changed":false},"product_brand":[],"product_cat":[13730],"product_tag":[],"class_list":{"0":"post-228639","1":"product","2":"type-product","3":"status-publish","4":"has-post-thumbnail","6":"product_cat-dj-cases-fr","8":"first","9":"instock","10":"taxable","11":"shipping-taxable","12":"purchasable","13":"product-type-simple"},"acf":[],"_links":{"self":[{"href":"https:\/\/megacase.com\/fr\/wp-json\/wp\/v2\/product\/228639","targetHints":{"allow":["GET"]}}],"collection":[{"href":"https:\/\/megacase.com\/fr\/wp-json\/wp\/v2\/product"}],"about":[{"href":"https:\/\/megacase.com\/fr\/wp-json\/wp\/v2\/types\/product"}],"wp:featuredmedia":[{"embeddable":true,"href":"https:\/\/megacase.com\/fr\/wp-json\/wp\/v2\/media\/228580"}],"wp:attachment":[{"href":"https:\/\/megacase.com\/fr\/wp-json\/wp\/v2\/media?parent=228639"}],"wp:term":[{"taxonomy":"product_brand","embeddable":true,"href":"https:\/\/megacase.com\/fr\/wp-json\/wp\/v2\/product_brand?post=228639"},{"taxonomy":"product_cat","embeddable":true,"href":"https:\/\/megacase.com\/fr\/wp-json\/wp\/v2\/product_cat?post=228639"},{"taxonomy":"product_tag","embeddable":true,"href":"https:\/\/megacase.com\/fr\/wp-json\/wp\/v2\/product_tag?post=228639"}],"curies":[{"name":"wp","href":"https:\/\/api.w.org\/{rel}","templated":true}]}}