{"id":228573,"date":"2021-11-22T13:57:20","date_gmt":"2021-11-22T12:57:20","guid":{"rendered":"https:\/\/megacase.com\/product\/flightcase-futurelight-mega-wave-i-led\/"},"modified":"2026-03-26T13:16:26","modified_gmt":"2026-03-26T12:16:26","slug":"flightcase-futurelight-mega-wave-i-led","status":"publish","type":"product","link":"https:\/\/megacase.com\/fr\/produit\/flightcase-futurelight-mega-wave-i-led\/","title":{"rendered":"Flightcase Futurelight Mega Wave.i LED"},"content":{"rendered":"<p>Valise de transport adapt\u00e9e pour 2 barres mobiles Futurelight Mega Wave.i LED<br \/>\nEnduit PVC multiplex bouleau 6,8 mm<br \/>\nCouleur :<a href=\"https:\/\/megacase.com\/fr\/farben-beschichtungen\/\"> librement s\u00e9lectionnable<\/a><br \/>\nBord en aluminium 30 x 30 mm<br \/>\n2 serrures papillon, moyennes<br \/>\n8 poign\u00e9es rabattables m\u00e9dium<br \/>\n78 coins boules, moyen<br \/>\n2 charni\u00e8res verrouillables<br \/>\n4 \u00e9videments de roues<br \/>\n4 roulettes pivotantes dont 2 frein\u00e9es<br \/>\nRembourrage en mousse<br \/>\nCompartiment pour accessoires de 110 mm de large au milieu<br \/>\nFabriqu\u00e9 en Allemagne<br \/>\nDimensions ext\u00e9rieures LxPxH environ : 723 x 610 x 605 mm<br \/>\nPoids env.: 30,5 kg<\/p>\n<p>Si vous commandez, veuillez sp\u00e9cifier la couleur d\u00e9sir\u00e9e dans le champ de commentaire<\/p>\n","protected":false},"excerpt":{"rendered":"<p>Valise de transport adapt\u00e9e pour 2 barres mobiles Futurelight Mega Wave.i LED Enduit PVC multiplex bouleau 6,8 mm Couleur :<\/p>\n","protected":false},"featured_media":228562,"template":"","meta":{"_acf_changed":false},"product_brand":[],"product_cat":[15423],"product_tag":[],"class_list":{"0":"post-228573","1":"product","2":"type-product","3":"status-publish","4":"has-post-thumbnail","6":"product_cat-light-equipment-case-utilisation","8":"first","9":"instock","10":"taxable","11":"shipping-taxable","12":"purchasable","13":"product-type-simple"},"acf":[],"_links":{"self":[{"href":"https:\/\/megacase.com\/fr\/wp-json\/wp\/v2\/product\/228573","targetHints":{"allow":["GET"]}}],"collection":[{"href":"https:\/\/megacase.com\/fr\/wp-json\/wp\/v2\/product"}],"about":[{"href":"https:\/\/megacase.com\/fr\/wp-json\/wp\/v2\/types\/product"}],"wp:featuredmedia":[{"embeddable":true,"href":"https:\/\/megacase.com\/fr\/wp-json\/wp\/v2\/media\/228562"}],"wp:attachment":[{"href":"https:\/\/megacase.com\/fr\/wp-json\/wp\/v2\/media?parent=228573"}],"wp:term":[{"taxonomy":"product_brand","embeddable":true,"href":"https:\/\/megacase.com\/fr\/wp-json\/wp\/v2\/product_brand?post=228573"},{"taxonomy":"product_cat","embeddable":true,"href":"https:\/\/megacase.com\/fr\/wp-json\/wp\/v2\/product_cat?post=228573"},{"taxonomy":"product_tag","embeddable":true,"href":"https:\/\/megacase.com\/fr\/wp-json\/wp\/v2\/product_tag?post=228573"}],"curies":[{"name":"wp","href":"https:\/\/api.w.org\/{rel}","templated":true}]}}