{"id":228472,"date":"2021-11-22T13:35:06","date_gmt":"2021-11-22T12:35:06","guid":{"rendered":"https:\/\/megacase.com\/product\/flightcase-newtek-vmc1-cs2s\/"},"modified":"2026-03-26T13:16:26","modified_gmt":"2026-03-26T12:16:26","slug":"flightcase-newtek-vmc1-cs2s","status":"publish","type":"product","link":"https:\/\/megacase.com\/fr\/produit\/flightcase-newtek-vmc1-cs2s\/","title":{"rendered":"Flightcase NewTek VMC1 CS2S"},"content":{"rendered":"<p>Housse de capot assortie pour un NewTek VMC1<br \/>\nen bouleau multiplex de 6,8 mm rev\u00eatu de PVC<br \/>\nCouleur : librement s\u00e9lectionnable<br \/>\nBord en aluminium 22 x 22 mm<br \/>\n1 poign\u00e9e en cuir<br \/>\n8 petits coins sph\u00e9riques<br \/>\n4 petites serrures papillon<br \/>\n4 pieds en caoutchouc 38 x 10 mm<br \/>\nRembourrage en mousse<br \/>\nL&rsquo;appareil peut \u00eatre utilis\u00e9 dans la partie inf\u00e9rieure<br \/>\nToutes les connexions librement accessibles<br \/>\nEspace de 90 mm \u00e0 l&rsquo;arri\u00e8re<br \/>\nFabriqu\u00e9 en Allemagne<br \/>\nDimensions ext\u00e9rieures LxPxH environ : 972 x 480 x 195 mm<br \/>\nPoids env.: 9,9 kg<\/p>\n<p>Si vous commandez, veuillez sp\u00e9cifier la couleur d\u00e9sir\u00e9e dans le champ de commentaire<\/p>\n","protected":false},"excerpt":{"rendered":"<p>Housse de capot assortie pour un NewTek VMC1 en bouleau multiplex de 6,8 mm rev\u00eatu de PVC Couleur : librement<\/p>\n","protected":false},"featured_media":228461,"template":"","meta":{"_acf_changed":false},"product_brand":[],"product_cat":[16064],"product_tag":[],"class_list":{"0":"post-228472","1":"product","2":"type-product","3":"status-publish","4":"has-post-thumbnail","6":"product_cat-cases-for-video-equipment-fr","8":"first","9":"instock","10":"taxable","11":"shipping-taxable","12":"purchasable","13":"product-type-simple"},"acf":[],"_links":{"self":[{"href":"https:\/\/megacase.com\/fr\/wp-json\/wp\/v2\/product\/228472","targetHints":{"allow":["GET"]}}],"collection":[{"href":"https:\/\/megacase.com\/fr\/wp-json\/wp\/v2\/product"}],"about":[{"href":"https:\/\/megacase.com\/fr\/wp-json\/wp\/v2\/types\/product"}],"wp:featuredmedia":[{"embeddable":true,"href":"https:\/\/megacase.com\/fr\/wp-json\/wp\/v2\/media\/228461"}],"wp:attachment":[{"href":"https:\/\/megacase.com\/fr\/wp-json\/wp\/v2\/media?parent=228472"}],"wp:term":[{"taxonomy":"product_brand","embeddable":true,"href":"https:\/\/megacase.com\/fr\/wp-json\/wp\/v2\/product_brand?post=228472"},{"taxonomy":"product_cat","embeddable":true,"href":"https:\/\/megacase.com\/fr\/wp-json\/wp\/v2\/product_cat?post=228472"},{"taxonomy":"product_tag","embeddable":true,"href":"https:\/\/megacase.com\/fr\/wp-json\/wp\/v2\/product_tag?post=228472"}],"curies":[{"name":"wp","href":"https:\/\/api.w.org\/{rel}","templated":true}]}}