{"id":228279,"date":"2021-11-22T13:10:19","date_gmt":"2021-11-22T12:10:19","guid":{"rendered":"https:\/\/megacase.com\/product\/flightcase-2x-vmb-te-034-towerlift\/"},"modified":"2026-03-26T13:16:28","modified_gmt":"2026-03-26T12:16:28","slug":"flightcase-2x-vmb-te-034-towerlift","status":"publish","type":"product","link":"https:\/\/megacase.com\/fr\/produit\/flightcase-2x-vmb-te-034-towerlift\/","title":{"rendered":"Flightcase 2x VMB TE-034 Towerlift"},"content":{"rendered":"<p>Valise thoracique adapt\u00e9e pour 2 tours \u00e9l\u00e9vatrices VMB TE-034<br \/>\nEnduit de r\u00e9sine ph\u00e9nolique multiplex de bouleau de 9 mm<br \/>\nCouleur marron<br \/>\nBord en aluminium 30 x 30 mm<br \/>\n2 serrures papillon moyennes<br \/>\n8 poign\u00e9es rabattables m\u00e9dium<br \/>\n8 coins boule grand<br \/>\n2 charni\u00e8res de couvercle dans la coque avec un clic<br \/>\n4 roulettes pivotantes dont 2 frein\u00e9es<br \/>\nRembourrage en mousse<br \/>\nFabriqu\u00e9 en Allemagne<br \/>\nDimensions ext\u00e9rieures LxPxH : environ 1350 x 540 x 445 mm<br \/>\nPoids : environ 30,5 kg<\/p>\n","protected":false},"excerpt":{"rendered":"<p>Valise thoracique adapt\u00e9e pour 2 tours \u00e9l\u00e9vatrices VMB TE-034 Enduit de r\u00e9sine ph\u00e9nolique multiplex de bouleau de 9 mm Couleur<\/p>\n","protected":false},"featured_media":228264,"template":"","meta":{"_acf_changed":false},"product_brand":[],"product_cat":[15423],"product_tag":[],"class_list":{"0":"post-228279","1":"product","2":"type-product","3":"status-publish","4":"has-post-thumbnail","6":"product_cat-light-equipment-case-utilisation","8":"first","9":"instock","10":"taxable","11":"shipping-taxable","12":"purchasable","13":"product-type-simple"},"acf":[],"_links":{"self":[{"href":"https:\/\/megacase.com\/fr\/wp-json\/wp\/v2\/product\/228279","targetHints":{"allow":["GET"]}}],"collection":[{"href":"https:\/\/megacase.com\/fr\/wp-json\/wp\/v2\/product"}],"about":[{"href":"https:\/\/megacase.com\/fr\/wp-json\/wp\/v2\/types\/product"}],"wp:featuredmedia":[{"embeddable":true,"href":"https:\/\/megacase.com\/fr\/wp-json\/wp\/v2\/media\/228264"}],"wp:attachment":[{"href":"https:\/\/megacase.com\/fr\/wp-json\/wp\/v2\/media?parent=228279"}],"wp:term":[{"taxonomy":"product_brand","embeddable":true,"href":"https:\/\/megacase.com\/fr\/wp-json\/wp\/v2\/product_brand?post=228279"},{"taxonomy":"product_cat","embeddable":true,"href":"https:\/\/megacase.com\/fr\/wp-json\/wp\/v2\/product_cat?post=228279"},{"taxonomy":"product_tag","embeddable":true,"href":"https:\/\/megacase.com\/fr\/wp-json\/wp\/v2\/product_tag?post=228279"}],"curies":[{"name":"wp","href":"https:\/\/api.w.org\/{rel}","templated":true}]}}