{"id":228211,"date":"2021-11-22T13:01:42","date_gmt":"2021-11-22T12:01:42","guid":{"rendered":"https:\/\/megacase.com\/product\/flightcase-formula-sound-ff4-2\/"},"modified":"2026-03-26T13:16:28","modified_gmt":"2026-03-26T12:16:28","slug":"flightcase-formula-sound-ff4-2","status":"publish","type":"product","link":"https:\/\/megacase.com\/fr\/produit\/flightcase-formula-sound-ff4-2\/","title":{"rendered":"Flightcase Formula Sound FF4.2"},"content":{"rendered":"<p>Housse de capot assortie pour une version Formula Sound FF4.2 L et R<br \/>\nEnduit de r\u00e9sine ph\u00e9nolique multiplex de bouleau de 6,8 mm<br \/>\nBord en aluminium 25 x 25 mm<br \/>\n2 serrures papillon, moyennes<br \/>\n1 poign\u00e9e en cuir<br \/>\n8 coins sph\u00e9riques moyens<br \/>\n4 pieds en caoutchouc 25 x 15 mm<br \/>\nL&rsquo;appareil peut \u00eatre utilis\u00e9 dans la partie inf\u00e9rieure<br \/>\nRembourrage en mousse<br \/>\nFabriqu\u00e9 en Allemagne<br \/>\nDimensions ext\u00e9rieures LxPxH : environ 420 x 545 x 205 mm<br \/>\nPoids : environ 6,1 kg<\/p>\n","protected":false},"excerpt":{"rendered":"<p>Housse de capot assortie pour une version Formula Sound FF4.2 L et R Enduit de r\u00e9sine ph\u00e9nolique multiplex de bouleau<\/p>\n","protected":false},"featured_media":228140,"template":"","meta":{"_acf_changed":false},"product_brand":[],"product_cat":[13730],"product_tag":[],"class_list":{"0":"post-228211","1":"product","2":"type-product","3":"status-publish","4":"has-post-thumbnail","6":"product_cat-dj-cases-fr","8":"first","9":"instock","10":"taxable","11":"shipping-taxable","12":"purchasable","13":"product-type-simple"},"acf":[],"_links":{"self":[{"href":"https:\/\/megacase.com\/fr\/wp-json\/wp\/v2\/product\/228211","targetHints":{"allow":["GET"]}}],"collection":[{"href":"https:\/\/megacase.com\/fr\/wp-json\/wp\/v2\/product"}],"about":[{"href":"https:\/\/megacase.com\/fr\/wp-json\/wp\/v2\/types\/product"}],"wp:featuredmedia":[{"embeddable":true,"href":"https:\/\/megacase.com\/fr\/wp-json\/wp\/v2\/media\/228140"}],"wp:attachment":[{"href":"https:\/\/megacase.com\/fr\/wp-json\/wp\/v2\/media?parent=228211"}],"wp:term":[{"taxonomy":"product_brand","embeddable":true,"href":"https:\/\/megacase.com\/fr\/wp-json\/wp\/v2\/product_brand?post=228211"},{"taxonomy":"product_cat","embeddable":true,"href":"https:\/\/megacase.com\/fr\/wp-json\/wp\/v2\/product_cat?post=228211"},{"taxonomy":"product_tag","embeddable":true,"href":"https:\/\/megacase.com\/fr\/wp-json\/wp\/v2\/product_tag?post=228211"}],"curies":[{"name":"wp","href":"https:\/\/api.w.org\/{rel}","templated":true}]}}