{"id":228131,"date":"2021-11-22T12:55:57","date_gmt":"2021-11-22T11:55:57","guid":{"rendered":"https:\/\/megacase.com\/product\/flightcase-marshall-dsl20hr\/"},"modified":"2026-03-26T13:16:28","modified_gmt":"2026-03-26T12:16:28","slug":"flightcase-marshall-dsl20hr","status":"publish","type":"product","link":"https:\/\/megacase.com\/fr\/produit\/flightcase-marshall-dsl20hr\/","title":{"rendered":"Flightcase Marshall DSL20HR"},"content":{"rendered":"<p>Housse de capot assortie pour un dessus tout tube Marshall DSL20HR<br \/>\nEnduit de r\u00e9sine ph\u00e9nolique multiplex de bouleau de 6,8 mm<br \/>\nBord en aluminium 30 x 30 mm<br \/>\n3 poign\u00e9es rabattables, moyennes<br \/>\n2 serrures papillon, moyennes<br \/>\n8 coins sph\u00e9riques moyens<br \/>\n4 pieds en caoutchouc 38 x 25 mm<br \/>\nL&rsquo;appareil peut \u00eatre utilis\u00e9 dans la partie inf\u00e9rieure<br \/>\nRembourrage en mousse<br \/>\nFabriqu\u00e9 en Allemagne<br \/>\nDimensions ext\u00e9rieures LxPxH : environ 570 x 305 x 354 mm<br \/>\nPoids : environ 7,9 kg<\/p>\n","protected":false},"excerpt":{"rendered":"<p>Housse de capot assortie pour un dessus tout tube Marshall DSL20HR Enduit de r\u00e9sine ph\u00e9nolique multiplex de bouleau de 6,8<\/p>\n","protected":false},"featured_media":228128,"template":"","meta":{"_acf_changed":false},"product_brand":[],"product_cat":[13589],"product_tag":[],"class_list":{"0":"post-228131","1":"product","2":"type-product","3":"status-publish","4":"has-post-thumbnail","6":"product_cat-amp-cases-fr","8":"first","9":"instock","10":"taxable","11":"shipping-taxable","12":"purchasable","13":"product-type-simple"},"acf":[],"_links":{"self":[{"href":"https:\/\/megacase.com\/fr\/wp-json\/wp\/v2\/product\/228131","targetHints":{"allow":["GET"]}}],"collection":[{"href":"https:\/\/megacase.com\/fr\/wp-json\/wp\/v2\/product"}],"about":[{"href":"https:\/\/megacase.com\/fr\/wp-json\/wp\/v2\/types\/product"}],"wp:featuredmedia":[{"embeddable":true,"href":"https:\/\/megacase.com\/fr\/wp-json\/wp\/v2\/media\/228128"}],"wp:attachment":[{"href":"https:\/\/megacase.com\/fr\/wp-json\/wp\/v2\/media?parent=228131"}],"wp:term":[{"taxonomy":"product_brand","embeddable":true,"href":"https:\/\/megacase.com\/fr\/wp-json\/wp\/v2\/product_brand?post=228131"},{"taxonomy":"product_cat","embeddable":true,"href":"https:\/\/megacase.com\/fr\/wp-json\/wp\/v2\/product_cat?post=228131"},{"taxonomy":"product_tag","embeddable":true,"href":"https:\/\/megacase.com\/fr\/wp-json\/wp\/v2\/product_tag?post=228131"}],"curies":[{"name":"wp","href":"https:\/\/api.w.org\/{rel}","templated":true}]}}