{"id":228069,"date":"2021-11-22T11:33:58","date_gmt":"2021-11-22T10:33:58","guid":{"rendered":"https:\/\/megacase.com\/product\/flightcase-m-audio-hammer-88-pro\/"},"modified":"2026-03-26T13:16:28","modified_gmt":"2026-03-26T12:16:28","slug":"flightcase-m-audio-hammer-88-pro","status":"publish","type":"product","link":"https:\/\/megacase.com\/fr\/produit\/flightcase-m-audio-hammer-88-pro\/","title":{"rendered":"Flightcase M-Audio Hammer 88 Pro"},"content":{"rendered":"<p>Mallette de transport adapt\u00e9e pour un M-Audio Hammer 88 Pro<br \/>\nEnduit de r\u00e9sine ph\u00e9nolique multiplex de bouleau de 6,8 mm<br \/>\nCouleur marron<br \/>\nBord en aluminium 30 x 30 mm<br \/>\n2 serrures papillon, moyennes<br \/>\n1 serrure \u00e0 pression<br \/>\n2 poign\u00e9es rabattables m\u00e9dium<br \/>\n1 poign\u00e9e en cuir<br \/>\n8 coins sph\u00e9riques moyens<br \/>\n3 charni\u00e8res verrouillables<br \/>\nrembourrage en mousse assorti<br \/>\nFabriqu\u00e9 en Allemagne<br \/>\nDimensions ext\u00e9rieures LxPxH : environ 1500 x 425 x 215 mm<br \/>\nPoids : environ 13,3 kg<\/p>\n","protected":false},"excerpt":{"rendered":"<p>Mallette de transport adapt\u00e9e pour un M-Audio Hammer 88 Pro Enduit de r\u00e9sine ph\u00e9nolique multiplex de bouleau de 6,8 mm<\/p>\n","protected":false},"featured_media":228018,"template":"","meta":{"_acf_changed":false},"product_brand":[],"product_cat":[13787],"product_tag":[],"class_list":{"0":"post-228069","1":"product","2":"type-product","3":"status-publish","4":"has-post-thumbnail","6":"product_cat-keyboard-cases-fr","8":"first","9":"instock","10":"taxable","11":"shipping-taxable","12":"purchasable","13":"product-type-simple"},"acf":[],"_links":{"self":[{"href":"https:\/\/megacase.com\/fr\/wp-json\/wp\/v2\/product\/228069","targetHints":{"allow":["GET"]}}],"collection":[{"href":"https:\/\/megacase.com\/fr\/wp-json\/wp\/v2\/product"}],"about":[{"href":"https:\/\/megacase.com\/fr\/wp-json\/wp\/v2\/types\/product"}],"wp:featuredmedia":[{"embeddable":true,"href":"https:\/\/megacase.com\/fr\/wp-json\/wp\/v2\/media\/228018"}],"wp:attachment":[{"href":"https:\/\/megacase.com\/fr\/wp-json\/wp\/v2\/media?parent=228069"}],"wp:term":[{"taxonomy":"product_brand","embeddable":true,"href":"https:\/\/megacase.com\/fr\/wp-json\/wp\/v2\/product_brand?post=228069"},{"taxonomy":"product_cat","embeddable":true,"href":"https:\/\/megacase.com\/fr\/wp-json\/wp\/v2\/product_cat?post=228069"},{"taxonomy":"product_tag","embeddable":true,"href":"https:\/\/megacase.com\/fr\/wp-json\/wp\/v2\/product_tag?post=228069"}],"curies":[{"name":"wp","href":"https:\/\/api.w.org\/{rel}","templated":true}]}}