{"id":227981,"date":"2021-11-20T11:06:07","date_gmt":"2021-11-20T10:06:07","guid":{"rendered":"https:\/\/megacase.com\/product\/flightcase-adj-link-pvc-bk\/"},"modified":"2026-03-26T13:16:29","modified_gmt":"2026-03-26T12:16:29","slug":"flightcase-adj-link-pvc-bk","status":"publish","type":"product","link":"https:\/\/megacase.com\/fr\/produit\/flightcase-adj-link-pvc-bk\/","title":{"rendered":"Flightcase ADJ Link PVC BK"},"content":{"rendered":"<p>Housse de hotte assortie pour un pupitre d&rsquo;\u00e9clairage ADJ Link avec passe-c\u00e2bles de 30 cm \u00e0 l&rsquo;arri\u00e8re<br \/>\net un compartiment de rangement de 40 mm de haut en dessous<br \/>\nen plastique nid d&rsquo;abeille de 6,8 mm noir<br \/>\nBord en aluminium 25 x 25 mm<br \/>\n4 serrures papillon, moyennes<br \/>\n1 poign\u00e9e en cuir<br \/>\n8 coins sph\u00e9riques moyens<br \/>\n4 pieds en caoutchouc 38 x 20 mm<br \/>\n1 plat int\u00e9gr\u00e9 pour \u00e9tiquette de tourn\u00e9e<br \/>\nL&rsquo;appareil peut \u00eatre utilis\u00e9 dans le cas<br \/>\nFabriqu\u00e9 en Allemagne<br \/>\nDimensions ext\u00e9rieures LxPxH : environ 585 x 705 x 205 mm<br \/>\nPoids : environ 7,1 kg<\/p>\n","protected":false},"excerpt":{"rendered":"<p>Housse de hotte assortie pour un pupitre d&rsquo;\u00e9clairage ADJ Link avec passe-c\u00e2bles de 30 cm \u00e0 l&rsquo;arri\u00e8re et un compartiment<\/p>\n","protected":false},"featured_media":227978,"template":"","meta":{"_acf_changed":false},"product_brand":[],"product_cat":[13828],"product_tag":[],"class_list":{"0":"post-227981","1":"product","2":"type-product","3":"status-publish","4":"has-post-thumbnail","6":"product_cat-mischpult-cases-fr","8":"first","9":"instock","10":"taxable","11":"shipping-taxable","12":"purchasable","13":"product-type-simple"},"acf":[],"_links":{"self":[{"href":"https:\/\/megacase.com\/fr\/wp-json\/wp\/v2\/product\/227981","targetHints":{"allow":["GET"]}}],"collection":[{"href":"https:\/\/megacase.com\/fr\/wp-json\/wp\/v2\/product"}],"about":[{"href":"https:\/\/megacase.com\/fr\/wp-json\/wp\/v2\/types\/product"}],"wp:featuredmedia":[{"embeddable":true,"href":"https:\/\/megacase.com\/fr\/wp-json\/wp\/v2\/media\/227978"}],"wp:attachment":[{"href":"https:\/\/megacase.com\/fr\/wp-json\/wp\/v2\/media?parent=227981"}],"wp:term":[{"taxonomy":"product_brand","embeddable":true,"href":"https:\/\/megacase.com\/fr\/wp-json\/wp\/v2\/product_brand?post=227981"},{"taxonomy":"product_cat","embeddable":true,"href":"https:\/\/megacase.com\/fr\/wp-json\/wp\/v2\/product_cat?post=227981"},{"taxonomy":"product_tag","embeddable":true,"href":"https:\/\/megacase.com\/fr\/wp-json\/wp\/v2\/product_tag?post=227981"}],"curies":[{"name":"wp","href":"https:\/\/api.w.org\/{rel}","templated":true}]}}