{"id":227925,"date":"2021-11-20T10:59:36","date_gmt":"2021-11-20T09:59:36","guid":{"rendered":"https:\/\/megacase.com\/product\/flightcase-roland-pm-100-personal-drum\/"},"modified":"2026-03-26T13:16:29","modified_gmt":"2026-03-26T12:16:29","slug":"flightcase-roland-pm-100-personal-drum","status":"publish","type":"product","link":"https:\/\/megacase.com\/fr\/produit\/flightcase-roland-pm-100-personal-drum\/","title":{"rendered":"Flightcase Roland PM-100 Personal Drum"},"content":{"rendered":"<p>Housse de capot assortie pour un moniteur de batterie personnel Roland PM-100<br \/>\nEnduit de r\u00e9sine ph\u00e9nolique multiplex de bouleau de 6,8 mm<br \/>\nCouleur marron<br \/>\nBord en aluminium 30 x 30 mm<br \/>\n2 serrures papillon, moyennes<br \/>\n8 coins sph\u00e9riques moyens<br \/>\n2 poign\u00e9es rabattables m\u00e9dium<br \/>\n4 pieds en caoutchouc 38 x 25 mm<br \/>\nLa bo\u00eete peut \u00eatre utilis\u00e9e dans le cas<br \/>\nRembourrage en mousse<br \/>\nFabriqu\u00e9 en Allemagne<br \/>\nDimensions ext\u00e9rieures LxPxH : environ 465 x 485 x 450 mm<br \/>\nPoids : environ 9,2 kg<\/p>\n","protected":false},"excerpt":{"rendered":"<p>Housse de capot assortie pour un moniteur de batterie personnel Roland PM-100 Enduit de r\u00e9sine ph\u00e9nolique multiplex de bouleau de<\/p>\n","protected":false},"featured_media":227902,"template":"","meta":{"_acf_changed":false},"product_brand":[],"product_cat":[15152],"product_tag":[],"class_list":{"0":"post-227925","1":"product","2":"type-product","3":"status-publish","4":"has-post-thumbnail","6":"product_cat-audio-utilisation","8":"first","9":"instock","10":"taxable","11":"shipping-taxable","12":"purchasable","13":"product-type-simple"},"acf":[],"_links":{"self":[{"href":"https:\/\/megacase.com\/fr\/wp-json\/wp\/v2\/product\/227925","targetHints":{"allow":["GET"]}}],"collection":[{"href":"https:\/\/megacase.com\/fr\/wp-json\/wp\/v2\/product"}],"about":[{"href":"https:\/\/megacase.com\/fr\/wp-json\/wp\/v2\/types\/product"}],"wp:featuredmedia":[{"embeddable":true,"href":"https:\/\/megacase.com\/fr\/wp-json\/wp\/v2\/media\/227902"}],"wp:attachment":[{"href":"https:\/\/megacase.com\/fr\/wp-json\/wp\/v2\/media?parent=227925"}],"wp:term":[{"taxonomy":"product_brand","embeddable":true,"href":"https:\/\/megacase.com\/fr\/wp-json\/wp\/v2\/product_brand?post=227925"},{"taxonomy":"product_cat","embeddable":true,"href":"https:\/\/megacase.com\/fr\/wp-json\/wp\/v2\/product_cat?post=227925"},{"taxonomy":"product_tag","embeddable":true,"href":"https:\/\/megacase.com\/fr\/wp-json\/wp\/v2\/product_tag?post=227925"}],"curies":[{"name":"wp","href":"https:\/\/api.w.org\/{rel}","templated":true}]}}