{"id":227707,"date":"2021-11-20T10:13:19","date_gmt":"2021-11-20T09:13:19","guid":{"rendered":"https:\/\/megacase.com\/product\/l-rack-sideboard-bk\/"},"modified":"2026-03-26T13:16:30","modified_gmt":"2026-03-26T12:16:30","slug":"l-rack-sideboard-bk","status":"publish","type":"product","link":"https:\/\/megacase.com\/fr\/produit\/l-rack-sideboard-bk\/","title":{"rendered":"L-Rack Sideboard BK"},"content":{"rendered":"<p>Adapt\u00e9 \u00e0 tous les racks 19&Prime; Megacase en L et 3 couvercles<br \/>\nMontage simple sur le rail sup\u00e9rieur<br \/>\nEn 12 mm bois<br \/>\nContreventement avec charni\u00e8re<br \/>\nAngles de fixation en aluminium<br \/>\nDimensions: env. 360 x 360 mm<br \/>\nEpaisseur pli\u00e9: env. 34 mm<br \/>\nPoids: env. 1 kg<br \/>\nFinition: R\u00e9sine ph\u00e9nolique marron<br \/>\nFabriqu\u00e9 en Allemagne<\/p>\n","protected":false},"excerpt":{"rendered":"<p>Adapt\u00e9 \u00e0 tous les racks 19&Prime; Megacase en L et 3 couvercles Montage simple sur le rail sup\u00e9rieur En 12<\/p>\n","protected":false},"featured_media":227676,"template":"","meta":{"_acf_changed":false},"product_brand":[],"product_cat":[13809],"product_tag":[],"class_list":{"0":"post-227707","1":"product","2":"type-product","3":"status-publish","4":"has-post-thumbnail","6":"product_cat-zubehoer-rack-fr","8":"first","9":"instock","10":"taxable","11":"shipping-taxable","12":"purchasable","13":"product-type-simple"},"acf":[],"_links":{"self":[{"href":"https:\/\/megacase.com\/fr\/wp-json\/wp\/v2\/product\/227707","targetHints":{"allow":["GET"]}}],"collection":[{"href":"https:\/\/megacase.com\/fr\/wp-json\/wp\/v2\/product"}],"about":[{"href":"https:\/\/megacase.com\/fr\/wp-json\/wp\/v2\/types\/product"}],"wp:featuredmedia":[{"embeddable":true,"href":"https:\/\/megacase.com\/fr\/wp-json\/wp\/v2\/media\/227676"}],"wp:attachment":[{"href":"https:\/\/megacase.com\/fr\/wp-json\/wp\/v2\/media?parent=227707"}],"wp:term":[{"taxonomy":"product_brand","embeddable":true,"href":"https:\/\/megacase.com\/fr\/wp-json\/wp\/v2\/product_brand?post=227707"},{"taxonomy":"product_cat","embeddable":true,"href":"https:\/\/megacase.com\/fr\/wp-json\/wp\/v2\/product_cat?post=227707"},{"taxonomy":"product_tag","embeddable":true,"href":"https:\/\/megacase.com\/fr\/wp-json\/wp\/v2\/product_tag?post=227707"}],"curies":[{"name":"wp","href":"https:\/\/api.w.org\/{rel}","templated":true}]}}