{"id":227635,"date":"2021-11-20T10:07:13","date_gmt":"2021-11-20T09:07:13","guid":{"rendered":"https:\/\/megacase.com\/product\/flightcase-audipack-390746-wheel\/"},"modified":"2026-03-26T13:16:31","modified_gmt":"2026-03-26T12:16:31","slug":"flightcase-audipack-390746-wheel","status":"publish","type":"product","link":"https:\/\/megacase.com\/fr\/produit\/flightcase-audipack-390746-wheel\/","title":{"rendered":"Flightcase Audipack 390746 + wheel"},"content":{"rendered":"<p>Coque de transport correspondante pour un support d&rsquo;affichage audpack 390746<br \/>\nincl. rack amovible pour les colonnes<br \/>\nR\u00e9sine ph\u00e9nolique multiplex de bouleau de 9 mm recouverte de r\u00e9sine ph\u00e9nolique<br \/>\nCouleur marron<br \/>\n30 x 30 mm d&rsquo;aluminium<br \/>\n4 verrouillons papillon moyen<br \/>\n8 poign\u00e9es pliantes moyennes<br \/>\n8 coins de la balle \u00e9tage 30mm<br \/>\n8 L-Eckel 6 trous<br \/>\nrembourrage en mousse assorti<br \/>\nCompartiment accessoire pour titulaire de VESA<br \/>\n4 roulettes d&rsquo;entre eux ont frein\u00e9 2<br \/>\nFabriqu\u00e9 en Allemagne<br \/>\nDimensions ext\u00e9rieures LxPxH: env. 1390 x 430 x 915 mm<br \/>\nPoids: env. 64,2 kg<\/p>\n","protected":false},"excerpt":{"rendered":"<p>Coque de transport correspondante pour un support d&rsquo;affichage audpack 390746 incl. rack amovible pour les colonnes R\u00e9sine ph\u00e9nolique multiplex de<\/p>\n","protected":false},"featured_media":227628,"template":"","meta":{"_acf_changed":false},"product_brand":[],"product_cat":[16064],"product_tag":[],"class_list":{"0":"post-227635","1":"product","2":"type-product","3":"status-publish","4":"has-post-thumbnail","6":"product_cat-cases-for-video-equipment-fr","8":"first","9":"instock","10":"taxable","11":"shipping-taxable","12":"purchasable","13":"product-type-simple"},"acf":[],"_links":{"self":[{"href":"https:\/\/megacase.com\/fr\/wp-json\/wp\/v2\/product\/227635","targetHints":{"allow":["GET"]}}],"collection":[{"href":"https:\/\/megacase.com\/fr\/wp-json\/wp\/v2\/product"}],"about":[{"href":"https:\/\/megacase.com\/fr\/wp-json\/wp\/v2\/types\/product"}],"wp:featuredmedia":[{"embeddable":true,"href":"https:\/\/megacase.com\/fr\/wp-json\/wp\/v2\/media\/227628"}],"wp:attachment":[{"href":"https:\/\/megacase.com\/fr\/wp-json\/wp\/v2\/media?parent=227635"}],"wp:term":[{"taxonomy":"product_brand","embeddable":true,"href":"https:\/\/megacase.com\/fr\/wp-json\/wp\/v2\/product_brand?post=227635"},{"taxonomy":"product_cat","embeddable":true,"href":"https:\/\/megacase.com\/fr\/wp-json\/wp\/v2\/product_cat?post=227635"},{"taxonomy":"product_tag","embeddable":true,"href":"https:\/\/megacase.com\/fr\/wp-json\/wp\/v2\/product_tag?post=227635"}],"curies":[{"name":"wp","href":"https:\/\/api.w.org\/{rel}","templated":true}]}}