{"id":227563,"date":"2021-11-20T10:00:55","date_gmt":"2021-11-20T09:00:55","guid":{"rendered":"https:\/\/megacase.com\/product\/case-markbass-standard-102hf-8-ohm\/"},"modified":"2026-03-26T13:16:31","modified_gmt":"2026-03-26T12:16:31","slug":"case-markbass-standard-102hf-8-ohm","status":"publish","type":"product","link":"https:\/\/megacase.com\/fr\/produit\/case-markbass-standard-102hf-8-ohm\/","title":{"rendered":"Case Markbass Standard 102HF-8 Ohm"},"content":{"rendered":"<p>Cas de capot assorti pour une bo\u00eete de basse Standard de Markbass Standard 102HF-8 OHM<br \/>\n\u00e0 partir de 6,8 mm de r\u00e9sine ph\u00e9nolique multiplex de bouleau enrocie<br \/>\nCouleur marron<br \/>\n30 x 30mm Alukante<br \/>\n2 fermetures de papillons gros<br \/>\n2 poign\u00e9es pliantes moyennes<br \/>\n8 coins de la balle moyenne<br \/>\n4 roulettes d&rsquo;entre eux ont frein\u00e9 2<br \/>\nRembourrage en mousse<br \/>\nFabriqu\u00e9 en Allemagne<br \/>\nDimensions ext\u00e9rieures LxPxH environ.: 655 x 545 x 695 mm<br \/>\nPoids env.: 22.5 kg<\/p>\n","protected":false},"excerpt":{"rendered":"<p>Cas de capot assorti pour une bo\u00eete de basse Standard de Markbass Standard 102HF-8 OHM \u00e0 partir de 6,8 mm<\/p>\n","protected":false},"featured_media":227556,"template":"","meta":{"_acf_changed":false},"product_brand":[],"product_cat":[15152],"product_tag":[],"class_list":{"0":"post-227563","1":"product","2":"type-product","3":"status-publish","4":"has-post-thumbnail","6":"product_cat-audio-utilisation","8":"first","9":"instock","10":"taxable","11":"shipping-taxable","12":"purchasable","13":"product-type-simple"},"acf":[],"_links":{"self":[{"href":"https:\/\/megacase.com\/fr\/wp-json\/wp\/v2\/product\/227563","targetHints":{"allow":["GET"]}}],"collection":[{"href":"https:\/\/megacase.com\/fr\/wp-json\/wp\/v2\/product"}],"about":[{"href":"https:\/\/megacase.com\/fr\/wp-json\/wp\/v2\/types\/product"}],"wp:featuredmedia":[{"embeddable":true,"href":"https:\/\/megacase.com\/fr\/wp-json\/wp\/v2\/media\/227556"}],"wp:attachment":[{"href":"https:\/\/megacase.com\/fr\/wp-json\/wp\/v2\/media?parent=227563"}],"wp:term":[{"taxonomy":"product_brand","embeddable":true,"href":"https:\/\/megacase.com\/fr\/wp-json\/wp\/v2\/product_brand?post=227563"},{"taxonomy":"product_cat","embeddable":true,"href":"https:\/\/megacase.com\/fr\/wp-json\/wp\/v2\/product_cat?post=227563"},{"taxonomy":"product_tag","embeddable":true,"href":"https:\/\/megacase.com\/fr\/wp-json\/wp\/v2\/product_tag?post=227563"}],"curies":[{"name":"wp","href":"https:\/\/api.w.org\/{rel}","templated":true}]}}